{"id":13318,"date":"2021-10-28T15:16:13","date_gmt":"2021-10-28T18:16:13","guid":{"rendered":"https:\/\/www.avmbianco.com.br\/site\/?post_type=product&#038;p=13318"},"modified":"2026-01-20T14:38:57","modified_gmt":"2026-01-20T17:38:57","slug":"franja-pingente-bf456-113-1-8cm","status":"publish","type":"product","link":"https:\/\/www.avmbianco.com.br\/site\/produto\/franja-pingente-bf456-113-1-8cm\/","title":{"rendered":"Franja Pingente BF456.113  1.8cm"},"content":{"rendered":"","protected":false},"excerpt":{"rendered":"<p>Franja Pingentinho<\/p>\n<p>Largura: 1,8cm<\/p>\n<p>Cor: Cru<\/p>\n<p>Composi\u00e7\u00e3o: 100% Poli\u00e9ster<\/p>\n<p>Embalagem: Pe\u00e7a com 10m<\/p>\n<p>Aplica\u00e7\u00e3o: Ideal para acabamentos em barrados tamb\u00e9m podendo ser aplicada em camadas.<\/p>\n<h3><strong>OBS:Encomenda dentro de 15 dias uteis, consulte-nos.<\/strong><\/h3>\n","protected":false},"featured_media":13314,"comment_status":"open","ping_status":"closed","template":"","meta":[],"product_brand":[],"product_cat":[396],"product_tag":[],"class_list":{"0":"post-13318","1":"product","2":"type-product","3":"status-publish","4":"has-post-thumbnail","6":"product_cat-franja","8":"first","9":"onbackorder","10":"taxable","11":"shipping-taxable","12":"purchasable","13":"product-type-simple"},"_links":{"self":[{"href":"https:\/\/www.avmbianco.com.br\/site\/wp-json\/wp\/v2\/product\/13318","targetHints":{"allow":["GET"]}}],"collection":[{"href":"https:\/\/www.avmbianco.com.br\/site\/wp-json\/wp\/v2\/product"}],"about":[{"href":"https:\/\/www.avmbianco.com.br\/site\/wp-json\/wp\/v2\/types\/product"}],"replies":[{"embeddable":true,"href":"https:\/\/www.avmbianco.com.br\/site\/wp-json\/wp\/v2\/comments?post=13318"}],"wp:featuredmedia":[{"embeddable":true,"href":"https:\/\/www.avmbianco.com.br\/site\/wp-json\/wp\/v2\/media\/13314"}],"wp:attachment":[{"href":"https:\/\/www.avmbianco.com.br\/site\/wp-json\/wp\/v2\/media?parent=13318"}],"wp:term":[{"taxonomy":"product_brand","embeddable":true,"href":"https:\/\/www.avmbianco.com.br\/site\/wp-json\/wp\/v2\/product_brand?post=13318"},{"taxonomy":"product_cat","embeddable":true,"href":"https:\/\/www.avmbianco.com.br\/site\/wp-json\/wp\/v2\/product_cat?post=13318"},{"taxonomy":"product_tag","embeddable":true,"href":"https:\/\/www.avmbianco.com.br\/site\/wp-json\/wp\/v2\/product_tag?post=13318"}],"curies":[{"name":"wp","href":"https:\/\/api.w.org\/{rel}","templated":true}]}}