{"id":13378,"date":"2021-11-10T12:47:09","date_gmt":"2021-11-10T15:47:09","guid":{"rendered":"https:\/\/www.avmbianco.com.br\/site\/?post_type=product&#038;p=13378"},"modified":"2025-06-09T09:56:31","modified_gmt":"2025-06-09T12:56:31","slug":"ponto-curva-7010-v-15mm","status":"publish","type":"product","link":"https:\/\/www.avmbianco.com.br\/site\/produto\/ponto-curva-7010-v-15mm\/","title":{"rendered":"Ponto Curva 7010\/V 15mm (Casinha de Noiva)"},"content":{"rendered":"","protected":false},"excerpt":{"rendered":"<p>Passamanaria Ponto Curva S\u00e3o Jos\u00e9 Ref.7010\/V<\/p>\n<p>Cont\u00e9m: 1 unidade Largura: 15 mm Comprimento: 10 metros<\/p>\n<p>Composi\u00e7\u00e3o: 100% Viscose<\/p>\n<p>Passamanaria de alt\u00edssima qualidade e pode ser utilizada para acabamentos de roupas, fantasias, artesanato, decora\u00e7\u00e3o e muito mais.<\/p>\n","protected":false},"featured_media":13386,"comment_status":"open","ping_status":"closed","template":"","meta":[],"product_brand":[],"product_cat":[267,327],"product_tag":[],"class_list":{"0":"post-13378","1":"product","2":"type-product","3":"status-publish","4":"has-post-thumbnail","6":"product_cat-passamanarias","7":"product_cat-ponto-curva","9":"first","10":"instock","11":"taxable","12":"shipping-taxable","13":"purchasable","14":"product-type-variable"},"_links":{"self":[{"href":"https:\/\/www.avmbianco.com.br\/site\/wp-json\/wp\/v2\/product\/13378","targetHints":{"allow":["GET"]}}],"collection":[{"href":"https:\/\/www.avmbianco.com.br\/site\/wp-json\/wp\/v2\/product"}],"about":[{"href":"https:\/\/www.avmbianco.com.br\/site\/wp-json\/wp\/v2\/types\/product"}],"replies":[{"embeddable":true,"href":"https:\/\/www.avmbianco.com.br\/site\/wp-json\/wp\/v2\/comments?post=13378"}],"wp:featuredmedia":[{"embeddable":true,"href":"https:\/\/www.avmbianco.com.br\/site\/wp-json\/wp\/v2\/media\/13386"}],"wp:attachment":[{"href":"https:\/\/www.avmbianco.com.br\/site\/wp-json\/wp\/v2\/media?parent=13378"}],"wp:term":[{"taxonomy":"product_brand","embeddable":true,"href":"https:\/\/www.avmbianco.com.br\/site\/wp-json\/wp\/v2\/product_brand?post=13378"},{"taxonomy":"product_cat","embeddable":true,"href":"https:\/\/www.avmbianco.com.br\/site\/wp-json\/wp\/v2\/product_cat?post=13378"},{"taxonomy":"product_tag","embeddable":true,"href":"https:\/\/www.avmbianco.com.br\/site\/wp-json\/wp\/v2\/product_tag?post=13378"}],"curies":[{"name":"wp","href":"https:\/\/api.w.org\/{rel}","templated":true}]}}