{"id":13396,"date":"2021-11-10T14:53:24","date_gmt":"2021-11-10T17:53:24","guid":{"rendered":"https:\/\/www.avmbianco.com.br\/site\/?post_type=product&#038;p=13396"},"modified":"2025-06-09T09:40:57","modified_gmt":"2025-06-09T12:40:57","slug":"passamanaria-7340-p","status":"publish","type":"product","link":"https:\/\/www.avmbianco.com.br\/site\/produto\/passamanaria-7340-p\/","title":{"rendered":"Passamanaria 7340\/P"},"content":{"rendered":"","protected":false},"excerpt":{"rendered":"<p>Passamanaria S\u00e3o Jos\u00e9 7340 &#8211; c\/10m<\/p>\n<p>Medida: 30 mm<\/p>\n<p>Composi\u00e7\u00e3o: 50% Metalizado + 26% Algod\u00e3o + 24% Viscose<\/p>\n<p>Embalagem: Pe\u00e7a com 10 metros<\/p>\n","protected":false},"featured_media":13399,"comment_status":"open","ping_status":"closed","template":"","meta":[],"product_brand":[],"product_cat":[267],"product_tag":[],"class_list":{"0":"post-13396","1":"product","2":"type-product","3":"status-publish","4":"has-post-thumbnail","6":"product_cat-passamanarias","8":"first","9":"instock","10":"taxable","11":"shipping-taxable","12":"purchasable","13":"product-type-variable"},"_links":{"self":[{"href":"https:\/\/www.avmbianco.com.br\/site\/wp-json\/wp\/v2\/product\/13396","targetHints":{"allow":["GET"]}}],"collection":[{"href":"https:\/\/www.avmbianco.com.br\/site\/wp-json\/wp\/v2\/product"}],"about":[{"href":"https:\/\/www.avmbianco.com.br\/site\/wp-json\/wp\/v2\/types\/product"}],"replies":[{"embeddable":true,"href":"https:\/\/www.avmbianco.com.br\/site\/wp-json\/wp\/v2\/comments?post=13396"}],"wp:featuredmedia":[{"embeddable":true,"href":"https:\/\/www.avmbianco.com.br\/site\/wp-json\/wp\/v2\/media\/13399"}],"wp:attachment":[{"href":"https:\/\/www.avmbianco.com.br\/site\/wp-json\/wp\/v2\/media?parent=13396"}],"wp:term":[{"taxonomy":"product_brand","embeddable":true,"href":"https:\/\/www.avmbianco.com.br\/site\/wp-json\/wp\/v2\/product_brand?post=13396"},{"taxonomy":"product_cat","embeddable":true,"href":"https:\/\/www.avmbianco.com.br\/site\/wp-json\/wp\/v2\/product_cat?post=13396"},{"taxonomy":"product_tag","embeddable":true,"href":"https:\/\/www.avmbianco.com.br\/site\/wp-json\/wp\/v2\/product_tag?post=13396"}],"curies":[{"name":"wp","href":"https:\/\/api.w.org\/{rel}","templated":true}]}}