{"id":13614,"date":"2022-04-18T15:44:52","date_gmt":"2022-04-18T18:44:52","guid":{"rendered":"https:\/\/www.avmbianco.com.br\/site\/?post_type=product&#038;p=13614"},"modified":"2025-05-16T11:05:21","modified_gmt":"2025-05-16T14:05:21","slug":"13614","status":"publish","type":"product","link":"https:\/\/www.avmbianco.com.br\/site\/produto\/13614\/","title":{"rendered":"Colchete de Press\u00e3o Circulo"},"content":{"rendered":"<p>O Colchete de Press\u00e3o C\u00edrculo \u00e9 um acess\u00f3rio de alta qualidade, delicado e ideal para acabamentos eficazes de pe\u00e7as artesanais variadas. Esse item \u00e9 um excelente substituto de bot\u00f5es e contribui para o acabamento de pe\u00e7as de moda, acess\u00f3rios e costura criativa de forma eficiente e pr\u00e1tica.<\/p>\n<p>&nbsp;<\/p>\n<p>Aplique os Colchetes de Press\u00e3o a seus trabalhos facilmente por meio de costura e n\u00e3o sofra mais com imprevistos de bot\u00f5es que abrem acidentalmente.<\/p>\n","protected":false},"excerpt":{"rendered":"<p>Composi\u00e7\u00e3o: Lat\u00e3o niquelado<br \/>\nn\u00ba 07 (7,0 mm), n\u00ba 08 (8,5 mm), n\u00ba9 (9,8mm)<br \/>\nCont\u00e9m 24 unidades<\/p>\n","protected":false},"featured_media":17469,"comment_status":"open","ping_status":"closed","template":"","meta":[],"product_brand":[],"product_cat":[76,211],"product_tag":[],"class_list":{"0":"post-13614","1":"product","2":"type-product","3":"status-publish","4":"has-post-thumbnail","6":"product_cat-colchete","7":"product_cat-pressao","9":"first","10":"instock","11":"taxable","12":"shipping-taxable","13":"purchasable","14":"product-type-variable"},"_links":{"self":[{"href":"https:\/\/www.avmbianco.com.br\/site\/wp-json\/wp\/v2\/product\/13614","targetHints":{"allow":["GET"]}}],"collection":[{"href":"https:\/\/www.avmbianco.com.br\/site\/wp-json\/wp\/v2\/product"}],"about":[{"href":"https:\/\/www.avmbianco.com.br\/site\/wp-json\/wp\/v2\/types\/product"}],"replies":[{"embeddable":true,"href":"https:\/\/www.avmbianco.com.br\/site\/wp-json\/wp\/v2\/comments?post=13614"}],"wp:featuredmedia":[{"embeddable":true,"href":"https:\/\/www.avmbianco.com.br\/site\/wp-json\/wp\/v2\/media\/17469"}],"wp:attachment":[{"href":"https:\/\/www.avmbianco.com.br\/site\/wp-json\/wp\/v2\/media?parent=13614"}],"wp:term":[{"taxonomy":"product_brand","embeddable":true,"href":"https:\/\/www.avmbianco.com.br\/site\/wp-json\/wp\/v2\/product_brand?post=13614"},{"taxonomy":"product_cat","embeddable":true,"href":"https:\/\/www.avmbianco.com.br\/site\/wp-json\/wp\/v2\/product_cat?post=13614"},{"taxonomy":"product_tag","embeddable":true,"href":"https:\/\/www.avmbianco.com.br\/site\/wp-json\/wp\/v2\/product_tag?post=13614"}],"curies":[{"name":"wp","href":"https:\/\/api.w.org\/{rel}","templated":true}]}}