{"id":13620,"date":"2022-04-18T16:13:03","date_gmt":"2022-04-18T19:13:03","guid":{"rendered":"https:\/\/www.avmbianco.com.br\/site\/?post_type=product&#038;p=13620"},"modified":"2025-06-11T15:22:10","modified_gmt":"2025-06-11T18:22:10","slug":"kit-agulha-de-costura","status":"publish","type":"product","link":"https:\/\/www.avmbianco.com.br\/site\/produto\/kit-agulha-de-costura\/","title":{"rendered":"Kit Agulha de costura Facil"},"content":{"rendered":"<p>Facilidade e praticidade para os artes\u00e3os que trabalham com costura manual! Diferenciada, esta agulha permite que voc\u00ea coloque a linha sem esfor\u00e7o! O kit de agulha de costura f\u00e1cil vem com 12 agulhas em 3 numera\u00e7\u00f5es variadas.<\/p>\n","protected":false},"excerpt":{"rendered":"<p>Composi\u00e7\u00e3o A\u00e7o inoxid\u00e1vel<br \/>\nTamanhos: 4 uni. n\u00b0 4, 4 uni. n\u00b0 6, 4 uni. n\u00b0 8<\/p>\n","protected":false},"featured_media":13621,"comment_status":"open","ping_status":"closed","template":"","meta":[],"product_brand":[],"product_cat":[29,828],"product_tag":[],"class_list":{"0":"post-13620","1":"product","2":"type-product","3":"status-publish","4":"has-post-thumbnail","6":"product_cat-agulhas","7":"product_cat-costura","9":"first","10":"instock","11":"taxable","12":"shipping-taxable","13":"purchasable","14":"product-type-simple"},"_links":{"self":[{"href":"https:\/\/www.avmbianco.com.br\/site\/wp-json\/wp\/v2\/product\/13620","targetHints":{"allow":["GET"]}}],"collection":[{"href":"https:\/\/www.avmbianco.com.br\/site\/wp-json\/wp\/v2\/product"}],"about":[{"href":"https:\/\/www.avmbianco.com.br\/site\/wp-json\/wp\/v2\/types\/product"}],"replies":[{"embeddable":true,"href":"https:\/\/www.avmbianco.com.br\/site\/wp-json\/wp\/v2\/comments?post=13620"}],"wp:featuredmedia":[{"embeddable":true,"href":"https:\/\/www.avmbianco.com.br\/site\/wp-json\/wp\/v2\/media\/13621"}],"wp:attachment":[{"href":"https:\/\/www.avmbianco.com.br\/site\/wp-json\/wp\/v2\/media?parent=13620"}],"wp:term":[{"taxonomy":"product_brand","embeddable":true,"href":"https:\/\/www.avmbianco.com.br\/site\/wp-json\/wp\/v2\/product_brand?post=13620"},{"taxonomy":"product_cat","embeddable":true,"href":"https:\/\/www.avmbianco.com.br\/site\/wp-json\/wp\/v2\/product_cat?post=13620"},{"taxonomy":"product_tag","embeddable":true,"href":"https:\/\/www.avmbianco.com.br\/site\/wp-json\/wp\/v2\/product_tag?post=13620"}],"curies":[{"name":"wp","href":"https:\/\/api.w.org\/{rel}","templated":true}]}}