{"id":13631,"date":"2022-04-19T09:05:23","date_gmt":"2022-04-19T12:05:23","guid":{"rendered":"https:\/\/www.avmbianco.com.br\/site\/?post_type=product&#038;p=13631"},"modified":"2023-11-14T16:08:42","modified_gmt":"2023-11-14T19:08:42","slug":"agulha-de-passar-cordao","status":"publish","type":"product","link":"https:\/\/www.avmbianco.com.br\/site\/produto\/agulha-de-passar-cordao\/","title":{"rendered":"Agulha De Passar Cord\u00e3o"},"content":{"rendered":"<p>Com a Agulha de Passar Cord\u00e3o da C\u00edrculo, o processo de passar cord\u00f5es ou el\u00e1sticos na cintura de saias, shorts e cal\u00e7as vai se tornar muito mais f\u00e1cil. Confeccionada em alum\u00ednio, ela \u00e9 muito vers\u00e1til e \u00e9 indicada tamb\u00e9m para virar al\u00e7as de roupas e bolsas.<\/p>\n","protected":false},"excerpt":{"rendered":"<p>Composi\u00e7\u00e3o: 100% alum\u00ednio<br \/>\nTamanhos: 4,0 mm<br \/>\nComprimento: 16 cm<\/p>\n<p>Cont\u00e9m:3 unidades<\/p>\n","protected":false},"featured_media":13632,"comment_status":"open","ping_status":"closed","template":"","meta":[],"product_brand":[],"product_cat":[29],"product_tag":[],"class_list":{"0":"post-13631","1":"product","2":"type-product","3":"status-publish","4":"has-post-thumbnail","6":"product_cat-agulhas","8":"first","9":"outofstock","10":"taxable","11":"shipping-taxable","12":"purchasable","13":"product-type-simple"},"_links":{"self":[{"href":"https:\/\/www.avmbianco.com.br\/site\/wp-json\/wp\/v2\/product\/13631","targetHints":{"allow":["GET"]}}],"collection":[{"href":"https:\/\/www.avmbianco.com.br\/site\/wp-json\/wp\/v2\/product"}],"about":[{"href":"https:\/\/www.avmbianco.com.br\/site\/wp-json\/wp\/v2\/types\/product"}],"replies":[{"embeddable":true,"href":"https:\/\/www.avmbianco.com.br\/site\/wp-json\/wp\/v2\/comments?post=13631"}],"wp:featuredmedia":[{"embeddable":true,"href":"https:\/\/www.avmbianco.com.br\/site\/wp-json\/wp\/v2\/media\/13632"}],"wp:attachment":[{"href":"https:\/\/www.avmbianco.com.br\/site\/wp-json\/wp\/v2\/media?parent=13631"}],"wp:term":[{"taxonomy":"product_brand","embeddable":true,"href":"https:\/\/www.avmbianco.com.br\/site\/wp-json\/wp\/v2\/product_brand?post=13631"},{"taxonomy":"product_cat","embeddable":true,"href":"https:\/\/www.avmbianco.com.br\/site\/wp-json\/wp\/v2\/product_cat?post=13631"},{"taxonomy":"product_tag","embeddable":true,"href":"https:\/\/www.avmbianco.com.br\/site\/wp-json\/wp\/v2\/product_tag?post=13631"}],"curies":[{"name":"wp","href":"https:\/\/api.w.org\/{rel}","templated":true}]}}