{"id":13635,"date":"2022-04-19T09:29:42","date_gmt":"2022-04-19T12:29:42","guid":{"rendered":"https:\/\/www.avmbianco.com.br\/site\/?post_type=product&#038;p=13635"},"modified":"2025-06-11T12:47:40","modified_gmt":"2025-06-11T15:47:40","slug":"fita-cetim-circulo-7mm","status":"publish","type":"product","link":"https:\/\/www.avmbianco.com.br\/site\/produto\/fita-cetim-circulo-7mm\/","title":{"rendered":"Fita Cetim Circulo 7mm"},"content":{"rendered":"","protected":false},"excerpt":{"rendered":"<p>Compostas de poli\u00e9ster, as fitas de cetim da C\u00edrculo est\u00e3o dispon\u00edveis em 60 op\u00e7\u00f5es de cores e 6 larguras diferentes. Possibilitam infinitas cria\u00e7\u00f5es, podendo ser usadas em la\u00e7os, acess\u00f3rios, pe\u00e7as de roupa e decora\u00e7\u00e3o, embrulhos de presentes e muito mais.<\/p>\n<p>7mm com 100 metros<\/p>\n","protected":false},"featured_media":13636,"comment_status":"open","ping_status":"closed","template":"","meta":[],"product_brand":[],"product_cat":[319,43],"product_tag":[],"class_list":{"0":"post-13635","1":"product","2":"type-product","3":"status-publish","4":"has-post-thumbnail","6":"product_cat-cetim","7":"product_cat-fitas","9":"first","10":"instock","11":"taxable","12":"shipping-taxable","13":"purchasable","14":"product-type-variable"},"_links":{"self":[{"href":"https:\/\/www.avmbianco.com.br\/site\/wp-json\/wp\/v2\/product\/13635","targetHints":{"allow":["GET"]}}],"collection":[{"href":"https:\/\/www.avmbianco.com.br\/site\/wp-json\/wp\/v2\/product"}],"about":[{"href":"https:\/\/www.avmbianco.com.br\/site\/wp-json\/wp\/v2\/types\/product"}],"replies":[{"embeddable":true,"href":"https:\/\/www.avmbianco.com.br\/site\/wp-json\/wp\/v2\/comments?post=13635"}],"wp:featuredmedia":[{"embeddable":true,"href":"https:\/\/www.avmbianco.com.br\/site\/wp-json\/wp\/v2\/media\/13636"}],"wp:attachment":[{"href":"https:\/\/www.avmbianco.com.br\/site\/wp-json\/wp\/v2\/media?parent=13635"}],"wp:term":[{"taxonomy":"product_brand","embeddable":true,"href":"https:\/\/www.avmbianco.com.br\/site\/wp-json\/wp\/v2\/product_brand?post=13635"},{"taxonomy":"product_cat","embeddable":true,"href":"https:\/\/www.avmbianco.com.br\/site\/wp-json\/wp\/v2\/product_cat?post=13635"},{"taxonomy":"product_tag","embeddable":true,"href":"https:\/\/www.avmbianco.com.br\/site\/wp-json\/wp\/v2\/product_tag?post=13635"}],"curies":[{"name":"wp","href":"https:\/\/api.w.org\/{rel}","templated":true}]}}