{"id":13638,"date":"2022-04-19T09:39:41","date_gmt":"2022-04-19T12:39:41","guid":{"rendered":"https:\/\/www.avmbianco.com.br\/site\/?post_type=product&#038;p=13638"},"modified":"2025-06-11T11:43:39","modified_gmt":"2025-06-11T14:43:39","slug":"fita-gorgurao","status":"publish","type":"product","link":"https:\/\/www.avmbianco.com.br\/site\/produto\/fita-gorgurao\/","title":{"rendered":"Fita Gorgur\u00e3o Circulo"},"content":{"rendered":"","protected":false},"excerpt":{"rendered":"<p>O material sofisticado e estruturado faz com que a Fita de Gorgur\u00e3o se destaque em pe\u00e7as decorativas, acess\u00f3rios, tiaras, toalhas, convites, embalagens e onde mais for aplicada.<\/p>\n<p>Composi\u00e7\u00e3o: Poli\u00e9ster<\/p>\n<p>Cont\u00e9m 10mts<\/p>\n","protected":false},"featured_media":16353,"comment_status":"open","ping_status":"closed","template":"","meta":[],"product_brand":[],"product_cat":[44],"product_tag":[],"class_list":{"0":"post-13638","1":"product","2":"type-product","3":"status-publish","4":"has-post-thumbnail","6":"product_cat-fita-gorgurao","8":"first","9":"instock","10":"taxable","11":"shipping-taxable","12":"purchasable","13":"product-type-variable"},"_links":{"self":[{"href":"https:\/\/www.avmbianco.com.br\/site\/wp-json\/wp\/v2\/product\/13638","targetHints":{"allow":["GET"]}}],"collection":[{"href":"https:\/\/www.avmbianco.com.br\/site\/wp-json\/wp\/v2\/product"}],"about":[{"href":"https:\/\/www.avmbianco.com.br\/site\/wp-json\/wp\/v2\/types\/product"}],"replies":[{"embeddable":true,"href":"https:\/\/www.avmbianco.com.br\/site\/wp-json\/wp\/v2\/comments?post=13638"}],"wp:featuredmedia":[{"embeddable":true,"href":"https:\/\/www.avmbianco.com.br\/site\/wp-json\/wp\/v2\/media\/16353"}],"wp:attachment":[{"href":"https:\/\/www.avmbianco.com.br\/site\/wp-json\/wp\/v2\/media?parent=13638"}],"wp:term":[{"taxonomy":"product_brand","embeddable":true,"href":"https:\/\/www.avmbianco.com.br\/site\/wp-json\/wp\/v2\/product_brand?post=13638"},{"taxonomy":"product_cat","embeddable":true,"href":"https:\/\/www.avmbianco.com.br\/site\/wp-json\/wp\/v2\/product_cat?post=13638"},{"taxonomy":"product_tag","embeddable":true,"href":"https:\/\/www.avmbianco.com.br\/site\/wp-json\/wp\/v2\/product_tag?post=13638"}],"curies":[{"name":"wp","href":"https:\/\/api.w.org\/{rel}","templated":true}]}}