{"id":13642,"date":"2022-04-19T09:48:17","date_gmt":"2022-04-19T12:48:17","guid":{"rendered":"https:\/\/www.avmbianco.com.br\/site\/?post_type=product&#038;p=13642"},"modified":"2023-11-17T15:51:08","modified_gmt":"2023-11-17T18:51:08","slug":"mosquetao","status":"publish","type":"product","link":"https:\/\/www.avmbianco.com.br\/site\/produto\/mosquetao\/","title":{"rendered":"Mosquet\u00e3o Lagosta"},"content":{"rendered":"<p><img decoding=\"async\" src=\"https:\/\/www.circulo.com.br\/storage\/produtos\/62a38bde4d76e41003862a38bde4d772.jpg\" alt=\"Mosquet\u00e3o Lagosta\" \/><\/p>\n","protected":false},"excerpt":{"rendered":"<p>Unindo seguran\u00e7a e funcionalidade, o Mosquet\u00e3o da C\u00edrculo \u00e9 o acess\u00f3rio perfeito para complementar o visual da sua bolsa! Com qualidade incr\u00edvel, o mosquet\u00e3o confere um acabamento impec\u00e1vel, seja para prender uma al\u00e7a ou para finalizar a pe\u00e7a com um lindo chaveiro. Voc\u00ea decide!<\/p>\n<p>Composi\u00e7\u00e3o: ferro<br \/>\nTamanho: 1,4 cm x 3,8 cm<\/p>\n<p>Contem 6p\u00e7<\/p>\n","protected":false},"featured_media":15404,"comment_status":"open","ping_status":"closed","template":"","meta":[],"product_brand":[],"product_cat":[23],"product_tag":[],"class_list":{"0":"post-13642","1":"product","2":"type-product","3":"status-publish","4":"has-post-thumbnail","6":"product_cat-acessorios","8":"first","9":"instock","10":"taxable","11":"shipping-taxable","12":"purchasable","13":"product-type-variable"},"_links":{"self":[{"href":"https:\/\/www.avmbianco.com.br\/site\/wp-json\/wp\/v2\/product\/13642","targetHints":{"allow":["GET"]}}],"collection":[{"href":"https:\/\/www.avmbianco.com.br\/site\/wp-json\/wp\/v2\/product"}],"about":[{"href":"https:\/\/www.avmbianco.com.br\/site\/wp-json\/wp\/v2\/types\/product"}],"replies":[{"embeddable":true,"href":"https:\/\/www.avmbianco.com.br\/site\/wp-json\/wp\/v2\/comments?post=13642"}],"wp:featuredmedia":[{"embeddable":true,"href":"https:\/\/www.avmbianco.com.br\/site\/wp-json\/wp\/v2\/media\/15404"}],"wp:attachment":[{"href":"https:\/\/www.avmbianco.com.br\/site\/wp-json\/wp\/v2\/media?parent=13642"}],"wp:term":[{"taxonomy":"product_brand","embeddable":true,"href":"https:\/\/www.avmbianco.com.br\/site\/wp-json\/wp\/v2\/product_brand?post=13642"},{"taxonomy":"product_cat","embeddable":true,"href":"https:\/\/www.avmbianco.com.br\/site\/wp-json\/wp\/v2\/product_cat?post=13642"},{"taxonomy":"product_tag","embeddable":true,"href":"https:\/\/www.avmbianco.com.br\/site\/wp-json\/wp\/v2\/product_tag?post=13642"}],"curies":[{"name":"wp","href":"https:\/\/api.w.org\/{rel}","templated":true}]}}