{"id":13730,"date":"2022-05-06T11:58:59","date_gmt":"2022-05-06T14:58:59","guid":{"rendered":"https:\/\/www.avmbianco.com.br\/site\/?post_type=product&#038;p=13730"},"modified":"2025-06-20T12:05:08","modified_gmt":"2025-06-20T15:05:08","slug":"cordao-polipropileno-3031-r","status":"publish","type":"product","link":"https:\/\/www.avmbianco.com.br\/site\/produto\/cordao-polipropileno-3031-r\/","title":{"rendered":"Cord\u00e3o Polipropileno 3031\/R"},"content":{"rendered":"","protected":false},"excerpt":{"rendered":"<p>Cord\u00e3o Fio N\u00e1utico S\u00e3o Jos\u00e9 Ref.3031<br \/>\nCont\u00e9m: 1 unidade<br \/>\nLargura: 3 mm<br \/>\nComprimento: 50 metros<br \/>\nComposi\u00e7\u00e3o: 66% Polipropileno e 34% Algod\u00e3o<\/p>\n<p>Ideal para Decora\u00e7\u00e3o, Fantasias e Artesanatos. O Fio N\u00e1utico tamb\u00e9m \u00e9 bastante utilizado na confec\u00e7\u00e3o de sacolas de croch\u00ea.<\/p>\n","protected":false},"featured_media":13740,"comment_status":"open","ping_status":"closed","template":"","meta":[],"product_brand":[],"product_cat":[179],"product_tag":[],"class_list":{"0":"post-13730","1":"product","2":"type-product","3":"status-publish","4":"has-post-thumbnail","6":"product_cat-cordao","8":"first","9":"instock","10":"taxable","11":"shipping-taxable","12":"purchasable","13":"product-type-variable"},"_links":{"self":[{"href":"https:\/\/www.avmbianco.com.br\/site\/wp-json\/wp\/v2\/product\/13730","targetHints":{"allow":["GET"]}}],"collection":[{"href":"https:\/\/www.avmbianco.com.br\/site\/wp-json\/wp\/v2\/product"}],"about":[{"href":"https:\/\/www.avmbianco.com.br\/site\/wp-json\/wp\/v2\/types\/product"}],"replies":[{"embeddable":true,"href":"https:\/\/www.avmbianco.com.br\/site\/wp-json\/wp\/v2\/comments?post=13730"}],"wp:featuredmedia":[{"embeddable":true,"href":"https:\/\/www.avmbianco.com.br\/site\/wp-json\/wp\/v2\/media\/13740"}],"wp:attachment":[{"href":"https:\/\/www.avmbianco.com.br\/site\/wp-json\/wp\/v2\/media?parent=13730"}],"wp:term":[{"taxonomy":"product_brand","embeddable":true,"href":"https:\/\/www.avmbianco.com.br\/site\/wp-json\/wp\/v2\/product_brand?post=13730"},{"taxonomy":"product_cat","embeddable":true,"href":"https:\/\/www.avmbianco.com.br\/site\/wp-json\/wp\/v2\/product_cat?post=13730"},{"taxonomy":"product_tag","embeddable":true,"href":"https:\/\/www.avmbianco.com.br\/site\/wp-json\/wp\/v2\/product_tag?post=13730"}],"curies":[{"name":"wp","href":"https:\/\/api.w.org\/{rel}","templated":true}]}}