{"id":13742,"date":"2022-05-06T12:33:46","date_gmt":"2022-05-06T15:33:46","guid":{"rendered":"https:\/\/www.avmbianco.com.br\/site\/?post_type=product&#038;p=13742"},"modified":"2025-06-20T11:45:12","modified_gmt":"2025-06-20T14:45:12","slug":"13742","status":"publish","type":"product","link":"https:\/\/www.avmbianco.com.br\/site\/produto\/13742\/","title":{"rendered":"El\u00e1stico Colombe Com Furos 4018"},"content":{"rendered":"<p>El\u00e1stico Usado para Roupas Infantins de beb\u00eas e Rec\u00e9m-nascidos, o el\u00e1stico tem furos, podendo aumentar ou diminuir o tamanho da roupa conforme o crescimento da crian\u00e7a.Pode ser utilizado tamb\u00e9m em roupas para gestantes, facilitando a utiliza\u00e7\u00e3o durante a gravidez. Para fixar \u00e9 usado bot\u00f5es.Tipo de Fita:<\/p>\n<p>Poli\u00e9ster Alongamento 130% \u00e0 160% .<\/p>\n<p>&nbsp;<\/p>\n<p><img decoding=\"async\" src=\"https:\/\/oesteaviamentos.fbitsstatic.net\/img\/p\/elastico-zanotti-aurata-20-c-25m-esc-69790\/269720.jpg?w=800&amp;h=800&amp;v=no-change&amp;qs=ignore\" alt=\"ELASTICO ZANOTTI AURATA 20 C\/25M.ESC\" \/><\/p>\n","protected":false},"excerpt":{"rendered":"<p>El\u00e1sticos S\u00e3o Jos\u00e9 pigeon material de excelente qualidade.<\/p>\n<p>El\u00e1stico Colombe S\u00e3o Jos\u00e9\u00a0 n\u00ba 18<\/p>\n<p>Largura: 18 mm<\/p>\n<p>Composi\u00e7\u00e3o: 59% Poli\u00e9ster + 41% Elastoidieno<\/p>\n<p>Quantidade: 25 Metro<\/p>\n<p>Marca: El\u00e1stico S\u00e3o Jos\u00e9<\/p>\n","protected":false},"featured_media":13746,"comment_status":"open","ping_status":"closed","template":"","meta":[],"product_brand":[],"product_cat":[19],"product_tag":[],"class_list":{"0":"post-13742","1":"product","2":"type-product","3":"status-publish","4":"has-post-thumbnail","6":"product_cat-elasticos","8":"first","9":"instock","10":"taxable","11":"shipping-taxable","12":"purchasable","13":"product-type-variable"},"_links":{"self":[{"href":"https:\/\/www.avmbianco.com.br\/site\/wp-json\/wp\/v2\/product\/13742","targetHints":{"allow":["GET"]}}],"collection":[{"href":"https:\/\/www.avmbianco.com.br\/site\/wp-json\/wp\/v2\/product"}],"about":[{"href":"https:\/\/www.avmbianco.com.br\/site\/wp-json\/wp\/v2\/types\/product"}],"replies":[{"embeddable":true,"href":"https:\/\/www.avmbianco.com.br\/site\/wp-json\/wp\/v2\/comments?post=13742"}],"wp:featuredmedia":[{"embeddable":true,"href":"https:\/\/www.avmbianco.com.br\/site\/wp-json\/wp\/v2\/media\/13746"}],"wp:attachment":[{"href":"https:\/\/www.avmbianco.com.br\/site\/wp-json\/wp\/v2\/media?parent=13742"}],"wp:term":[{"taxonomy":"product_brand","embeddable":true,"href":"https:\/\/www.avmbianco.com.br\/site\/wp-json\/wp\/v2\/product_brand?post=13742"},{"taxonomy":"product_cat","embeddable":true,"href":"https:\/\/www.avmbianco.com.br\/site\/wp-json\/wp\/v2\/product_cat?post=13742"},{"taxonomy":"product_tag","embeddable":true,"href":"https:\/\/www.avmbianco.com.br\/site\/wp-json\/wp\/v2\/product_tag?post=13742"}],"curies":[{"name":"wp","href":"https:\/\/api.w.org\/{rel}","templated":true}]}}