{"id":13747,"date":"2022-05-06T14:13:53","date_gmt":"2022-05-06T17:13:53","guid":{"rendered":"https:\/\/www.avmbianco.com.br\/site\/?post_type=product&#038;p=13747"},"modified":"2025-06-20T11:25:58","modified_gmt":"2025-06-20T14:25:58","slug":"passamanaria-7800-p-17mm","status":"publish","type":"product","link":"https:\/\/www.avmbianco.com.br\/site\/produto\/passamanaria-7800-p-17mm\/","title":{"rendered":"Passamanaria 7800\/P 17mm"},"content":{"rendered":"","protected":false},"excerpt":{"rendered":"<h3 id=\"subtitle-1\" class=\"subtitle\">Descri\u00e7\u00e3o<\/h3>\n<div id=\"subtitle-content-1\" class=\"subtitle-content\">\n<p>Passamanaria 7800\/P<br \/>\nEl\u00e1sticos S\u00e3o Jos\u00e9<\/p>\n<\/div>\n<h3 id=\"subtitle-2\" class=\"subtitle\">Principais Caracter\u00edsticas<\/h3>\n<div id=\"subtitle-content-2\" class=\"subtitle-content\">\n<p>60% Viscose<br \/>\n35% Algod\u00e3o<br \/>\n05% Poli\u00e9ster<br \/>\nPe\u00e7a c\/ 10 Metros<br \/>\nLargura: 17mm<br \/>\nRef: 7800\/P<\/p>\n<\/div>\n","protected":false},"featured_media":13750,"comment_status":"open","ping_status":"closed","template":"","meta":[],"product_brand":[],"product_cat":[267],"product_tag":[],"class_list":{"0":"post-13747","1":"product","2":"type-product","3":"status-publish","4":"has-post-thumbnail","6":"product_cat-passamanarias","8":"first","9":"instock","10":"taxable","11":"shipping-taxable","12":"purchasable","13":"product-type-variable"},"_links":{"self":[{"href":"https:\/\/www.avmbianco.com.br\/site\/wp-json\/wp\/v2\/product\/13747","targetHints":{"allow":["GET"]}}],"collection":[{"href":"https:\/\/www.avmbianco.com.br\/site\/wp-json\/wp\/v2\/product"}],"about":[{"href":"https:\/\/www.avmbianco.com.br\/site\/wp-json\/wp\/v2\/types\/product"}],"replies":[{"embeddable":true,"href":"https:\/\/www.avmbianco.com.br\/site\/wp-json\/wp\/v2\/comments?post=13747"}],"wp:featuredmedia":[{"embeddable":true,"href":"https:\/\/www.avmbianco.com.br\/site\/wp-json\/wp\/v2\/media\/13750"}],"wp:attachment":[{"href":"https:\/\/www.avmbianco.com.br\/site\/wp-json\/wp\/v2\/media?parent=13747"}],"wp:term":[{"taxonomy":"product_brand","embeddable":true,"href":"https:\/\/www.avmbianco.com.br\/site\/wp-json\/wp\/v2\/product_brand?post=13747"},{"taxonomy":"product_cat","embeddable":true,"href":"https:\/\/www.avmbianco.com.br\/site\/wp-json\/wp\/v2\/product_cat?post=13747"},{"taxonomy":"product_tag","embeddable":true,"href":"https:\/\/www.avmbianco.com.br\/site\/wp-json\/wp\/v2\/product_tag?post=13747"}],"curies":[{"name":"wp","href":"https:\/\/api.w.org\/{rel}","templated":true}]}}