{"id":13767,"date":"2022-05-11T09:58:09","date_gmt":"2022-05-11T12:58:09","guid":{"rendered":"https:\/\/www.avmbianco.com.br\/site\/?post_type=product&#038;p=13767"},"modified":"2025-06-20T10:43:04","modified_gmt":"2025-06-20T13:43:04","slug":"bordado-passa-fita-7001","status":"publish","type":"product","link":"https:\/\/www.avmbianco.com.br\/site\/produto\/bordado-passa-fita-7001\/","title":{"rendered":"Bordado Passa Fita 7001"},"content":{"rendered":"","protected":false},"excerpt":{"rendered":"<p>Bordado Ingl\u00eas Com Passa Fita Ref.7001<\/p>\n<p>Fita de cetim utilizada para o passa &#8211; fita: n\u00b001<br \/>\nLargura: 7 cm<br \/>\nEmbalagem: 1 pe\u00e7as de 13.70mts<br \/>\nComposi\u00e7\u00e3o: 100% Poli\u00e9ster<\/p>\n","protected":false},"featured_media":13771,"comment_status":"open","ping_status":"closed","template":"","meta":[],"product_brand":[],"product_cat":[41],"product_tag":[],"class_list":{"0":"post-13767","1":"product","2":"type-product","3":"status-publish","4":"has-post-thumbnail","6":"product_cat-bordados-guipure","8":"first","9":"instock","10":"taxable","11":"shipping-taxable","12":"purchasable","13":"product-type-variable"},"_links":{"self":[{"href":"https:\/\/www.avmbianco.com.br\/site\/wp-json\/wp\/v2\/product\/13767","targetHints":{"allow":["GET"]}}],"collection":[{"href":"https:\/\/www.avmbianco.com.br\/site\/wp-json\/wp\/v2\/product"}],"about":[{"href":"https:\/\/www.avmbianco.com.br\/site\/wp-json\/wp\/v2\/types\/product"}],"replies":[{"embeddable":true,"href":"https:\/\/www.avmbianco.com.br\/site\/wp-json\/wp\/v2\/comments?post=13767"}],"wp:featuredmedia":[{"embeddable":true,"href":"https:\/\/www.avmbianco.com.br\/site\/wp-json\/wp\/v2\/media\/13771"}],"wp:attachment":[{"href":"https:\/\/www.avmbianco.com.br\/site\/wp-json\/wp\/v2\/media?parent=13767"}],"wp:term":[{"taxonomy":"product_brand","embeddable":true,"href":"https:\/\/www.avmbianco.com.br\/site\/wp-json\/wp\/v2\/product_brand?post=13767"},{"taxonomy":"product_cat","embeddable":true,"href":"https:\/\/www.avmbianco.com.br\/site\/wp-json\/wp\/v2\/product_cat?post=13767"},{"taxonomy":"product_tag","embeddable":true,"href":"https:\/\/www.avmbianco.com.br\/site\/wp-json\/wp\/v2\/product_tag?post=13767"}],"curies":[{"name":"wp","href":"https:\/\/api.w.org\/{rel}","templated":true}]}}