{"id":13781,"date":"2022-05-11T10:15:19","date_gmt":"2022-05-11T13:15:19","guid":{"rendered":"https:\/\/www.avmbianco.com.br\/site\/?post_type=product&#038;p=13781"},"modified":"2022-05-11T10:15:56","modified_gmt":"2022-05-11T13:15:56","slug":"bordado-ingles-5001","status":"publish","type":"product","link":"https:\/\/www.avmbianco.com.br\/site\/produto\/bordado-ingles-5001\/","title":{"rendered":"Bordado Ingl\u00eas 5001"},"content":{"rendered":"","protected":false},"excerpt":{"rendered":"<div class=\"detalhes-prod__body-text\" data-id=\"1\">Ideal para acabamentos de toalhas, panos de prato e de copa, roupas moda feminina, len\u00e7ol, moda beb\u00ea, pijamas, lingerie e entre outros. O bordado enfeita os tecidos e d\u00e1 diferentes texturas para delinear formatos e desenhos.<\/div>\n<div class=\"detalhes-prod__body-text\" data-id=\"2\">Composi\u00e7\u00e3o: 90% Poli\u00e9ster 10% Algod\u00e3oUnidade de Venda: 01 pe\u00e7a com 13,70 metros<\/p>\n<p>Largura: 5,0 Centimetros.<\/p>\n<\/div>\n","protected":false},"featured_media":13783,"comment_status":"open","ping_status":"closed","template":"","meta":[],"product_brand":[],"product_cat":[41],"product_tag":[],"class_list":{"0":"post-13781","1":"product","2":"type-product","3":"status-publish","4":"has-post-thumbnail","6":"product_cat-bordados-guipure","8":"first","9":"instock","10":"taxable","11":"shipping-taxable","12":"purchasable","13":"product-type-simple"},"_links":{"self":[{"href":"https:\/\/www.avmbianco.com.br\/site\/wp-json\/wp\/v2\/product\/13781","targetHints":{"allow":["GET"]}}],"collection":[{"href":"https:\/\/www.avmbianco.com.br\/site\/wp-json\/wp\/v2\/product"}],"about":[{"href":"https:\/\/www.avmbianco.com.br\/site\/wp-json\/wp\/v2\/types\/product"}],"replies":[{"embeddable":true,"href":"https:\/\/www.avmbianco.com.br\/site\/wp-json\/wp\/v2\/comments?post=13781"}],"wp:featuredmedia":[{"embeddable":true,"href":"https:\/\/www.avmbianco.com.br\/site\/wp-json\/wp\/v2\/media\/13783"}],"wp:attachment":[{"href":"https:\/\/www.avmbianco.com.br\/site\/wp-json\/wp\/v2\/media?parent=13781"}],"wp:term":[{"taxonomy":"product_brand","embeddable":true,"href":"https:\/\/www.avmbianco.com.br\/site\/wp-json\/wp\/v2\/product_brand?post=13781"},{"taxonomy":"product_cat","embeddable":true,"href":"https:\/\/www.avmbianco.com.br\/site\/wp-json\/wp\/v2\/product_cat?post=13781"},{"taxonomy":"product_tag","embeddable":true,"href":"https:\/\/www.avmbianco.com.br\/site\/wp-json\/wp\/v2\/product_tag?post=13781"}],"curies":[{"name":"wp","href":"https:\/\/api.w.org\/{rel}","templated":true}]}}