{"id":13851,"date":"2022-07-01T09:10:58","date_gmt":"2022-07-01T12:10:58","guid":{"rendered":"https:\/\/www.avmbianco.com.br\/site\/?post_type=product&#038;p=13851"},"modified":"2025-06-13T14:16:40","modified_gmt":"2025-06-13T17:16:40","slug":"la-seda","status":"publish","type":"product","link":"https:\/\/www.avmbianco.com.br\/site\/produto\/la-seda\/","title":{"rendered":"L\u00e3 Seda"},"content":{"rendered":"<p><span class=\"tit\">DADOS T\u00c9CNICOS<\/span><\/p>\n<p>Fio Nm 3\/5 &#8211; (599 Tex)<br \/>\nComposi\u00e7\u00e3o: 70% Acr\u00edlico e 30% L\u00e3<br \/>\nComprimento e Peso: 166 m e 100 g<br \/>\nAgulhas Para Croch\u00ea: 3,5mm a 5,0mm<br \/>\nAgulhas Para Tric\u00f4: 5,0mm a 7,0mm<br \/>\nQuantidade de Cores: 50<\/p>\n<p><a href=\"https:\/\/www.avmbianco.com.br\/site\/wp-content\/uploads\/1309-1.pdf\">TABELA DE CORES 1309 (1)<\/a><\/p>\n<p><img decoding=\"async\" src=\"https:\/\/a-static.mlcdn.com.br\/800x560\/la-seda-circulo-100g\/lojaarmarinho3geracoes\/52e28282f94811eba3744201ac185013\/3de8e3146b98dc4f1b8db03fa7f07831.jpg\" alt=\"Imagem de L\u00e3 Seda C\u00edrculo 100g\" \/><\/p>\n<p><img decoding=\"async\" src=\"https:\/\/a-static.mlcdn.com.br\/800x560\/la-seda-circulo-100g\/lojamaluartesanato\/635427590\/4aa19750cdb7795d563609bb93b1ed28.jpg\" alt=\"Imagem de L\u00e3 Seda Circulo 100g\" \/><\/p>\n","protected":false},"excerpt":{"rendered":"<div class=\"descricao\">\n<p><span class=\"tit\">DESCRI\u00c7\u00c3O<\/span><\/p>\n<p>Produto para confec\u00e7\u00e3o de tric\u00f4 com um aspecto cintilante em todo o comprimento do fio. Possui 30% de l\u00e3 em sua composi\u00e7\u00e3o e uma cartela de cores sofisticadas, de acordo com as \u00faltimas tend\u00eancias de moda.<\/p>\n<\/div>\n<div class=\"dados_tecnicos\"><\/div>\n","protected":false},"featured_media":13989,"comment_status":"open","ping_status":"closed","template":"","meta":[],"product_brand":[],"product_cat":[1115],"product_tag":[],"class_list":{"0":"post-13851","1":"product","2":"type-product","3":"status-publish","4":"has-post-thumbnail","6":"product_cat-la","8":"first","9":"instock","10":"taxable","11":"shipping-taxable","12":"purchasable","13":"product-type-variable"},"_links":{"self":[{"href":"https:\/\/www.avmbianco.com.br\/site\/wp-json\/wp\/v2\/product\/13851","targetHints":{"allow":["GET"]}}],"collection":[{"href":"https:\/\/www.avmbianco.com.br\/site\/wp-json\/wp\/v2\/product"}],"about":[{"href":"https:\/\/www.avmbianco.com.br\/site\/wp-json\/wp\/v2\/types\/product"}],"replies":[{"embeddable":true,"href":"https:\/\/www.avmbianco.com.br\/site\/wp-json\/wp\/v2\/comments?post=13851"}],"wp:featuredmedia":[{"embeddable":true,"href":"https:\/\/www.avmbianco.com.br\/site\/wp-json\/wp\/v2\/media\/13989"}],"wp:attachment":[{"href":"https:\/\/www.avmbianco.com.br\/site\/wp-json\/wp\/v2\/media?parent=13851"}],"wp:term":[{"taxonomy":"product_brand","embeddable":true,"href":"https:\/\/www.avmbianco.com.br\/site\/wp-json\/wp\/v2\/product_brand?post=13851"},{"taxonomy":"product_cat","embeddable":true,"href":"https:\/\/www.avmbianco.com.br\/site\/wp-json\/wp\/v2\/product_cat?post=13851"},{"taxonomy":"product_tag","embeddable":true,"href":"https:\/\/www.avmbianco.com.br\/site\/wp-json\/wp\/v2\/product_tag?post=13851"}],"curies":[{"name":"wp","href":"https:\/\/api.w.org\/{rel}","templated":true}]}}