{"id":13875,"date":"2022-07-01T11:36:02","date_gmt":"2022-07-01T14:36:02","guid":{"rendered":"https:\/\/www.avmbianco.com.br\/site\/?post_type=product&#038;p=13875"},"modified":"2025-07-31T10:45:31","modified_gmt":"2025-07-31T13:45:31","slug":"linha-anne","status":"publish","type":"product","link":"https:\/\/www.avmbianco.com.br\/site\/produto\/linha-anne\/","title":{"rendered":"Linha Anne"},"content":{"rendered":"<p><span class=\"tit\">DADOS T\u00c9CNICOS<\/span><\/p>\n<p>Fio Ne 4\/2 &#8211; (295 Tex)<br \/>\nComposi\u00e7\u00e3o: 100% Algod\u00e3o Mercerizado<br \/>\nComprimento e Peso: 500 m\/147g<br \/>\nAgulha Para Croch\u00ea: 1,75 mm<br \/>\nAgulhas Para Tric\u00f4: 3,0 mm e 3,5 mm<br \/>\nRegulagem Para M\u00e1quina de Tric\u00f4: 8<br \/>\nQuantidade de Cores: 65 Lisas e 19 Multicolor<\/p>\n","protected":false},"excerpt":{"rendered":"<p><span class=\"tit\">DESCRI\u00c7\u00c3O<\/span><\/p>\n<p>O fio Anne \u00e9 um produto 100% algod\u00e3o mercerizado, que proporciona acabamento cintilante e toque macio a sua confec\u00e7\u00e3o. Quando trabalhado com pontos mais fechados para meia esta\u00e7\u00e3o e inverno, mant\u00e9m a sua pe\u00e7a leve e suave. Na decora\u00e7\u00e3o \u00e9 indicado principalmente para confec\u00e7\u00e3o de trilhos de mesa, toalhinhas decorativas, barrados em toalhas e panos de copa, pois possui um excelente rendimento.<\/p>\n<p><a href=\"https:\/\/www.avmbianco.com.br\/site\/wp-content\/uploads\/1779.pdf\">CARTELA DE CORES 1779<\/a><\/p>\n","protected":false},"featured_media":13981,"comment_status":"open","ping_status":"closed","template":"","meta":[],"product_brand":[],"product_cat":[53],"product_tag":[],"class_list":{"0":"post-13875","1":"product","2":"type-product","3":"status-publish","4":"has-post-thumbnail","6":"product_cat-linhas","8":"first","9":"instock","10":"taxable","11":"shipping-taxable","12":"purchasable","13":"product-type-variable"},"_links":{"self":[{"href":"https:\/\/www.avmbianco.com.br\/site\/wp-json\/wp\/v2\/product\/13875","targetHints":{"allow":["GET"]}}],"collection":[{"href":"https:\/\/www.avmbianco.com.br\/site\/wp-json\/wp\/v2\/product"}],"about":[{"href":"https:\/\/www.avmbianco.com.br\/site\/wp-json\/wp\/v2\/types\/product"}],"replies":[{"embeddable":true,"href":"https:\/\/www.avmbianco.com.br\/site\/wp-json\/wp\/v2\/comments?post=13875"}],"wp:featuredmedia":[{"embeddable":true,"href":"https:\/\/www.avmbianco.com.br\/site\/wp-json\/wp\/v2\/media\/13981"}],"wp:attachment":[{"href":"https:\/\/www.avmbianco.com.br\/site\/wp-json\/wp\/v2\/media?parent=13875"}],"wp:term":[{"taxonomy":"product_brand","embeddable":true,"href":"https:\/\/www.avmbianco.com.br\/site\/wp-json\/wp\/v2\/product_brand?post=13875"},{"taxonomy":"product_cat","embeddable":true,"href":"https:\/\/www.avmbianco.com.br\/site\/wp-json\/wp\/v2\/product_cat?post=13875"},{"taxonomy":"product_tag","embeddable":true,"href":"https:\/\/www.avmbianco.com.br\/site\/wp-json\/wp\/v2\/product_tag?post=13875"}],"curies":[{"name":"wp","href":"https:\/\/api.w.org\/{rel}","templated":true}]}}