{"id":13896,"date":"2022-07-01T12:15:55","date_gmt":"2022-07-01T15:15:55","guid":{"rendered":"https:\/\/www.avmbianco.com.br\/site\/?post_type=product&#038;p=13896"},"modified":"2025-06-13T11:16:36","modified_gmt":"2025-06-13T14:16:36","slug":"linha-anne-brilho","status":"publish","type":"product","link":"https:\/\/www.avmbianco.com.br\/site\/produto\/linha-anne-brilho\/","title":{"rendered":"Linha Anne Brilho"},"content":{"rendered":"<p><span class=\"tit\">DADOS T\u00c9CNICOS<\/span><\/p>\n<p>Fio Ne 1,96 &#8211; (301 Tex)<br \/>\nComposi\u00e7\u00e3o: 95,7% Algod\u00e3o Mercerizado e 4,3% Fibra Metalizada<br \/>\nComprimento e Peso: 500m e 150g<br \/>\nAgulha Para Croch\u00ea: 1,75mm<br \/>\nAgulhas Para Tric\u00f4: 3,0mm e 3,5mm<br \/>\nRegulagem Para M\u00e1quina de Tric\u00f4: 8<br \/>\nQuantidade de Cores: 16<\/p>\n","protected":false},"excerpt":{"rendered":"<p><span class=\"tit\">DESCRI\u00c7\u00c3O<\/span><\/p>\n<p>Anne Brilho \u00e9 um produto composto de fibras de algod\u00e3o mercerizado e toque de brilho que pode ser dourado ou na cor do fio. Na decora\u00e7\u00e3o \u00e9 muito usado em trilhos de mesa, sousplat, porta copo, porta guardanapo e almofadas, deixando tudo com ar mais festivo. Para vestu\u00e1rio empresta um ar mais sofisticado \u00e0s pe\u00e7as podendo ser usado para confec\u00e7\u00e3o de blusinhas, vestidos, saias e acess\u00f3rios diversos.<\/p>\n<p><a href=\"https:\/\/www.avmbianco.com.br\/site\/wp-content\/uploads\/1417.pdf\">CARTELA DE CORES 1417<\/a><\/p>\n","protected":false},"featured_media":13995,"comment_status":"open","ping_status":"closed","template":"","meta":[],"product_brand":[],"product_cat":[53],"product_tag":[],"class_list":{"0":"post-13896","1":"product","2":"type-product","3":"status-publish","4":"has-post-thumbnail","6":"product_cat-linhas","8":"first","9":"instock","10":"taxable","11":"shipping-taxable","12":"purchasable","13":"product-type-variable"},"_links":{"self":[{"href":"https:\/\/www.avmbianco.com.br\/site\/wp-json\/wp\/v2\/product\/13896","targetHints":{"allow":["GET"]}}],"collection":[{"href":"https:\/\/www.avmbianco.com.br\/site\/wp-json\/wp\/v2\/product"}],"about":[{"href":"https:\/\/www.avmbianco.com.br\/site\/wp-json\/wp\/v2\/types\/product"}],"replies":[{"embeddable":true,"href":"https:\/\/www.avmbianco.com.br\/site\/wp-json\/wp\/v2\/comments?post=13896"}],"wp:featuredmedia":[{"embeddable":true,"href":"https:\/\/www.avmbianco.com.br\/site\/wp-json\/wp\/v2\/media\/13995"}],"wp:attachment":[{"href":"https:\/\/www.avmbianco.com.br\/site\/wp-json\/wp\/v2\/media?parent=13896"}],"wp:term":[{"taxonomy":"product_brand","embeddable":true,"href":"https:\/\/www.avmbianco.com.br\/site\/wp-json\/wp\/v2\/product_brand?post=13896"},{"taxonomy":"product_cat","embeddable":true,"href":"https:\/\/www.avmbianco.com.br\/site\/wp-json\/wp\/v2\/product_cat?post=13896"},{"taxonomy":"product_tag","embeddable":true,"href":"https:\/\/www.avmbianco.com.br\/site\/wp-json\/wp\/v2\/product_tag?post=13896"}],"curies":[{"name":"wp","href":"https:\/\/api.w.org\/{rel}","templated":true}]}}