{"id":13921,"date":"2022-07-04T10:31:20","date_gmt":"2022-07-04T13:31:20","guid":{"rendered":"https:\/\/www.avmbianco.com.br\/site\/?post_type=product&#038;p=13921"},"modified":"2025-06-13T11:06:59","modified_gmt":"2025-06-13T14:06:59","slug":"13921","status":"publish","type":"product","link":"https:\/\/www.avmbianco.com.br\/site\/produto\/13921\/","title":{"rendered":"Linha Duna"},"content":{"rendered":"<p><span class=\"tit\">DADOS T\u00c9CNICOS<\/span><\/p>\n<p>Fio Ne 4\/4 (590 Tex)<br \/>\nComposi\u00e7\u00e3o: 100% Algod\u00e3o Mercerizado<br \/>\nComprimento e Peso: 170m\u00a0 \/ 100 g<br \/>\nAgulhas Para Croch\u00ea: 2,5 mm a 3,5 mm<br \/>\nAgulhas Para Tric\u00f4: 4,0 mm a 6,0 mm<br \/>\nQuantidade de Cores: 39 Lisas e 32 Multicolor<\/p>\n<p>&nbsp;<\/p>\n","protected":false},"excerpt":{"rendered":"<div class=\"descricao\">\n<p><span class=\"tit\">DESCRI\u00c7\u00c3O<\/span><\/p>\n<p>Duna proporciona \u00f3timo rendimento e acabamento \u00e0s pe\u00e7as tecidas. Composto 100% por fibras de algod\u00e3o mercerizado possui uma espessura delicada e tor\u00e7\u00e3o diferenciada. Ideal para ser usado em pe\u00e7as de vestu\u00e1rio e decora\u00e7\u00e3o.<\/p>\n<p><a href=\"https:\/\/www.avmbianco.com.br\/site\/wp-content\/uploads\/1615-1.pdf\">CARTELA DE CORES 1615 (1)<\/a><\/p>\n<p>&nbsp;<\/p>\n<\/div>\n<div class=\"dados_tecnicos\">\n<p>&nbsp;<\/p>\n<p>&nbsp;<\/p>\n<\/div>\n","protected":false},"featured_media":14004,"comment_status":"open","ping_status":"closed","template":"","meta":[],"product_brand":[],"product_cat":[53],"product_tag":[],"class_list":{"0":"post-13921","1":"product","2":"type-product","3":"status-publish","4":"has-post-thumbnail","6":"product_cat-linhas","8":"first","9":"instock","10":"taxable","11":"shipping-taxable","12":"purchasable","13":"product-type-variable"},"_links":{"self":[{"href":"https:\/\/www.avmbianco.com.br\/site\/wp-json\/wp\/v2\/product\/13921","targetHints":{"allow":["GET"]}}],"collection":[{"href":"https:\/\/www.avmbianco.com.br\/site\/wp-json\/wp\/v2\/product"}],"about":[{"href":"https:\/\/www.avmbianco.com.br\/site\/wp-json\/wp\/v2\/types\/product"}],"replies":[{"embeddable":true,"href":"https:\/\/www.avmbianco.com.br\/site\/wp-json\/wp\/v2\/comments?post=13921"}],"wp:featuredmedia":[{"embeddable":true,"href":"https:\/\/www.avmbianco.com.br\/site\/wp-json\/wp\/v2\/media\/14004"}],"wp:attachment":[{"href":"https:\/\/www.avmbianco.com.br\/site\/wp-json\/wp\/v2\/media?parent=13921"}],"wp:term":[{"taxonomy":"product_brand","embeddable":true,"href":"https:\/\/www.avmbianco.com.br\/site\/wp-json\/wp\/v2\/product_brand?post=13921"},{"taxonomy":"product_cat","embeddable":true,"href":"https:\/\/www.avmbianco.com.br\/site\/wp-json\/wp\/v2\/product_cat?post=13921"},{"taxonomy":"product_tag","embeddable":true,"href":"https:\/\/www.avmbianco.com.br\/site\/wp-json\/wp\/v2\/product_tag?post=13921"}],"curies":[{"name":"wp","href":"https:\/\/api.w.org\/{rel}","templated":true}]}}