{"id":13938,"date":"2022-07-04T11:18:59","date_gmt":"2022-07-04T14:18:59","guid":{"rendered":"https:\/\/www.avmbianco.com.br\/site\/?post_type=product&#038;p=13938"},"modified":"2025-07-31T10:55:26","modified_gmt":"2025-07-31T13:55:26","slug":"fio-clea-1000","status":"publish","type":"product","link":"https:\/\/www.avmbianco.com.br\/site\/produto\/fio-clea-1000\/","title":{"rendered":"Linha Clea 1000"},"content":{"rendered":"<div class=\"descricao\"><\/div>\n<div class=\"dados_tecnicos\"><span class=\"tit\">DADOS T\u00c9CNICOS<\/span><\/div>\n<div class=\"dados_tecnicos\">Fio Ne 8\/2 &#8211; (151 Tex)<br \/>\nComposi\u00e7\u00e3o: 100% Algod\u00e3o Mercerizado<br \/>\nComprimento e Peso: 1000 m \/ 151 g<br \/>\nAgulha Para Croch\u00ea: 1,25 mm<br \/>\nRegulagem Para M\u00e1quina de Tric\u00f4: 5<br \/>\nQuantidade de cores: 65 Lisas e 19 Multicolor.<\/div>\n","protected":false},"excerpt":{"rendered":"<div class=\"descricao\">\n<p><span class=\"tit\">DESCRI\u00c7\u00c3O<\/span>O<\/p>\n<p>fio Cl\u00e9a 1000 \u00e9 ideal para todos os pontos de croch\u00ea. Produto com \u00f3timo rendimento, alta qualidade e toque super macio, dando um resultado incr\u00edvel ao seu trabalho. Cl\u00e9a tem espessura delicada, ideal para trabalhos graciosos e com leveza.<\/p>\n<p><a href=\"https:\/\/www.avmbianco.com.br\/site\/wp-content\/uploads\/1135.pdf\">TABELA DE COR 1135<\/a><\/p>\n<\/div>\n","protected":false},"featured_media":13939,"comment_status":"open","ping_status":"closed","template":"","meta":[],"product_brand":[],"product_cat":[641],"product_tag":[],"class_list":{"0":"post-13938","1":"product","2":"type-product","3":"status-publish","4":"has-post-thumbnail","6":"product_cat-fio","8":"first","9":"instock","10":"taxable","11":"shipping-taxable","12":"purchasable","13":"product-type-variable"},"_links":{"self":[{"href":"https:\/\/www.avmbianco.com.br\/site\/wp-json\/wp\/v2\/product\/13938","targetHints":{"allow":["GET"]}}],"collection":[{"href":"https:\/\/www.avmbianco.com.br\/site\/wp-json\/wp\/v2\/product"}],"about":[{"href":"https:\/\/www.avmbianco.com.br\/site\/wp-json\/wp\/v2\/types\/product"}],"replies":[{"embeddable":true,"href":"https:\/\/www.avmbianco.com.br\/site\/wp-json\/wp\/v2\/comments?post=13938"}],"wp:featuredmedia":[{"embeddable":true,"href":"https:\/\/www.avmbianco.com.br\/site\/wp-json\/wp\/v2\/media\/13939"}],"wp:attachment":[{"href":"https:\/\/www.avmbianco.com.br\/site\/wp-json\/wp\/v2\/media?parent=13938"}],"wp:term":[{"taxonomy":"product_brand","embeddable":true,"href":"https:\/\/www.avmbianco.com.br\/site\/wp-json\/wp\/v2\/product_brand?post=13938"},{"taxonomy":"product_cat","embeddable":true,"href":"https:\/\/www.avmbianco.com.br\/site\/wp-json\/wp\/v2\/product_cat?post=13938"},{"taxonomy":"product_tag","embeddable":true,"href":"https:\/\/www.avmbianco.com.br\/site\/wp-json\/wp\/v2\/product_tag?post=13938"}],"curies":[{"name":"wp","href":"https:\/\/api.w.org\/{rel}","templated":true}]}}