{"id":13954,"date":"2022-07-04T11:43:45","date_gmt":"2022-07-04T14:43:45","guid":{"rendered":"https:\/\/www.avmbianco.com.br\/site\/?post_type=product&#038;p=13954"},"modified":"2025-07-14T16:11:52","modified_gmt":"2025-07-14T19:11:52","slug":"fio-acrilico-mollet","status":"publish","type":"product","link":"https:\/\/www.avmbianco.com.br\/site\/produto\/fio-acrilico-mollet\/","title":{"rendered":"L\u00e3 Acr\u00edlico Mollet"},"content":{"rendered":"<p><span class=\"tit\">DADOS T\u00c9CNICOS<\/span>Fio Nm 3\/6 &#8211; (500 Tex)<br \/>\nComposi\u00e7\u00e3o: 100% Acr\u00edlico<br \/>\nComprimento e Peso: 80 m e 40 g \/ 200 m e 100 g<br \/>\nAgulhas Para Croch\u00ea: 2,0 mm a 2,5 mm<br \/>\nAgulhas Para Tric\u00f4: 4,0 mm a 5,0 mm<br \/>\nQuantidade de Cores: 53 Lisas, 35 Multicolor, 5 Fibra Negra e 4 Neon.<\/p>\n","protected":false},"excerpt":{"rendered":"<div class=\"descricao\">\n<p><span class=\"tit\">DESCRI\u00c7\u00c3O<\/span><\/p>\n<p>Cl\u00e1ssico fio de acr\u00edlico ideal para diversas formas de artesanato, tanto decora\u00e7\u00e3o quanto moda. Al\u00e9m da versatilidade, Mollet destaca-se cartela de cores variadas, que incluem op\u00e7\u00f5es lisas, multicolors, fibra negra e n\u00e9on.<\/p>\n<p><a href=\"https:\/\/www.avmbianco.com.br\/site\/wp-content\/uploads\/1453-1.pdf\">CARTELA DE CORES 1453 (1)<\/a><\/p>\n<\/div>\n<div class=\"dados_tecnicos\"><\/div>\n","protected":false},"featured_media":13955,"comment_status":"open","ping_status":"closed","template":"","meta":[],"product_brand":[],"product_cat":[1115],"product_tag":[],"class_list":{"0":"post-13954","1":"product","2":"type-product","3":"status-publish","4":"has-post-thumbnail","6":"product_cat-la","8":"first","9":"instock","10":"taxable","11":"shipping-taxable","12":"purchasable","13":"product-type-variable"},"_links":{"self":[{"href":"https:\/\/www.avmbianco.com.br\/site\/wp-json\/wp\/v2\/product\/13954","targetHints":{"allow":["GET"]}}],"collection":[{"href":"https:\/\/www.avmbianco.com.br\/site\/wp-json\/wp\/v2\/product"}],"about":[{"href":"https:\/\/www.avmbianco.com.br\/site\/wp-json\/wp\/v2\/types\/product"}],"replies":[{"embeddable":true,"href":"https:\/\/www.avmbianco.com.br\/site\/wp-json\/wp\/v2\/comments?post=13954"}],"wp:featuredmedia":[{"embeddable":true,"href":"https:\/\/www.avmbianco.com.br\/site\/wp-json\/wp\/v2\/media\/13955"}],"wp:attachment":[{"href":"https:\/\/www.avmbianco.com.br\/site\/wp-json\/wp\/v2\/media?parent=13954"}],"wp:term":[{"taxonomy":"product_brand","embeddable":true,"href":"https:\/\/www.avmbianco.com.br\/site\/wp-json\/wp\/v2\/product_brand?post=13954"},{"taxonomy":"product_cat","embeddable":true,"href":"https:\/\/www.avmbianco.com.br\/site\/wp-json\/wp\/v2\/product_cat?post=13954"},{"taxonomy":"product_tag","embeddable":true,"href":"https:\/\/www.avmbianco.com.br\/site\/wp-json\/wp\/v2\/product_tag?post=13954"}],"curies":[{"name":"wp","href":"https:\/\/api.w.org\/{rel}","templated":true}]}}