{"id":14019,"date":"2022-07-05T12:36:13","date_gmt":"2022-07-05T15:36:13","guid":{"rendered":"https:\/\/www.avmbianco.com.br\/site\/?post_type=product&#038;p=14019"},"modified":"2025-06-12T12:19:36","modified_gmt":"2025-06-12T15:19:36","slug":"fio-mais-bebe","status":"publish","type":"product","link":"https:\/\/www.avmbianco.com.br\/site\/produto\/fio-mais-bebe\/","title":{"rendered":"L\u00e3 Mais Bebe"},"content":{"rendered":"<p><span class=\"tit\">DADOS T\u00c9CNICOS<\/span><\/p>\n<p>Fio Nm 2\/10 &#8211; (200 Tex)<br \/>\nComposi\u00e7\u00e3o: 100% Acr\u00edlico<br \/>\nComprimento e Peso: 500 m e 100 g<br \/>\nAgulhas Para Croch\u00ea: 2,0 mm a 3,5 mm<br \/>\nAgulhas Para Tric\u00f4: 3,0 mm a 4,5 mm<br \/>\nQuantidade de Cores: 35<\/p>\n","protected":false},"excerpt":{"rendered":"<div class=\"descricao\">\n<p><span class=\"tit\">DESCRI\u00c7\u00c3O<\/span>Fio ideal para confec\u00e7\u00e3o de pe\u00e7as beb\u00ea e infantil. Produto 100% acr\u00edlico que pode ser usado para confec\u00e7\u00e3o de pe\u00e7as para crian\u00e7as, tanto em tric\u00f4 como em croche.<\/p>\n<p><a href=\"https:\/\/www.avmbianco.com.br\/site\/wp-content\/uploads\/1528.pdf\">CARTELA DE CORES 1528<\/a><\/p>\n<\/div>\n<div class=\"dados_tecnicos\"><\/div>\n","protected":false},"featured_media":14021,"comment_status":"open","ping_status":"closed","template":"","meta":[],"product_brand":[],"product_cat":[641],"product_tag":[],"class_list":{"0":"post-14019","1":"product","2":"type-product","3":"status-publish","4":"has-post-thumbnail","6":"product_cat-fio","8":"first","9":"instock","10":"taxable","11":"shipping-taxable","12":"purchasable","13":"product-type-variable"},"_links":{"self":[{"href":"https:\/\/www.avmbianco.com.br\/site\/wp-json\/wp\/v2\/product\/14019","targetHints":{"allow":["GET"]}}],"collection":[{"href":"https:\/\/www.avmbianco.com.br\/site\/wp-json\/wp\/v2\/product"}],"about":[{"href":"https:\/\/www.avmbianco.com.br\/site\/wp-json\/wp\/v2\/types\/product"}],"replies":[{"embeddable":true,"href":"https:\/\/www.avmbianco.com.br\/site\/wp-json\/wp\/v2\/comments?post=14019"}],"wp:featuredmedia":[{"embeddable":true,"href":"https:\/\/www.avmbianco.com.br\/site\/wp-json\/wp\/v2\/media\/14021"}],"wp:attachment":[{"href":"https:\/\/www.avmbianco.com.br\/site\/wp-json\/wp\/v2\/media?parent=14019"}],"wp:term":[{"taxonomy":"product_brand","embeddable":true,"href":"https:\/\/www.avmbianco.com.br\/site\/wp-json\/wp\/v2\/product_brand?post=14019"},{"taxonomy":"product_cat","embeddable":true,"href":"https:\/\/www.avmbianco.com.br\/site\/wp-json\/wp\/v2\/product_cat?post=14019"},{"taxonomy":"product_tag","embeddable":true,"href":"https:\/\/www.avmbianco.com.br\/site\/wp-json\/wp\/v2\/product_tag?post=14019"}],"curies":[{"name":"wp","href":"https:\/\/api.w.org\/{rel}","templated":true}]}}