{"id":14050,"date":"2022-07-06T10:57:47","date_gmt":"2022-07-06T13:57:47","guid":{"rendered":"https:\/\/www.avmbianco.com.br\/site\/?post_type=product&#038;p=14050"},"modified":"2025-06-12T13:04:17","modified_gmt":"2025-06-12T16:04:17","slug":"fio-barroco-natura-no6","status":"publish","type":"product","link":"https:\/\/www.avmbianco.com.br\/site\/produto\/fio-barroco-natura-no6\/","title":{"rendered":"Fio Barroco Natural"},"content":{"rendered":"<p><span class=\"tit\">ADOS T\u00c9CNICOS<\/span><\/p>\n<p>Composi\u00e7\u00e3o: 100% Algod\u00e3o<\/p>\n<p><strong>Numero 6<\/strong><br \/>\nAgulha Para Croch\u00ea: 3,5 mm a 5,0 mm<br \/>\nAgulha Para Tric\u00f4: 5,0 mm a 6,5 mm<\/p>\n<p><strong>Numero 4<\/strong><\/p>\n<p>Unidade de Venda: 1 Novelo com 677M | TEX: 590<br \/>\nAgulhas Para Croch\u00ea: 2,5 a 3,5mm | Tric\u00f4: 4 a 6mm.<\/p>\n<p><strong>Numero 10<\/strong><\/p>\n<p>Unidade de Venda: 1 Novelo com 271M | TEX: 1476<br \/>\nAgulhas Para Croch\u00ea: 5 a 7mm | Tric\u00f4: 6,5 a 8mm.<\/p>\n<p>&nbsp;<\/p>\n","protected":false},"excerpt":{"rendered":"<p><span class=\"tit\">DESCRI\u00c7\u00c3O<\/span><\/p>\n<p>Criado para complementar a fam\u00edlia Barroco, o fio Barroco Natural tem toque e maciez incompar\u00e1veis. Possui composi\u00e7\u00e3o 100% algod\u00e3o em diferentes espessuras, para que voc\u00ea tenha mais qualidade e rendimento em seus projetos. Al\u00e9m disso, possui massa pura e fibras longas, o que garante uma durabilidade muito maior \u00e0s suas artes manuais.<\/p>\n<p><a href=\"https:\/\/www.avmbianco.com.br\/site\/wp-content\/uploads\/1048.pdf\">CARTELA DE CORES 1048<\/a><\/p>\n","protected":false},"featured_media":17724,"comment_status":"open","ping_status":"closed","template":"","meta":[],"product_brand":[],"product_cat":[641],"product_tag":[],"class_list":{"0":"post-14050","1":"product","2":"type-product","3":"status-publish","4":"has-post-thumbnail","6":"product_cat-fio","8":"first","9":"instock","10":"taxable","11":"shipping-taxable","12":"purchasable","13":"product-type-variable"},"_links":{"self":[{"href":"https:\/\/www.avmbianco.com.br\/site\/wp-json\/wp\/v2\/product\/14050","targetHints":{"allow":["GET"]}}],"collection":[{"href":"https:\/\/www.avmbianco.com.br\/site\/wp-json\/wp\/v2\/product"}],"about":[{"href":"https:\/\/www.avmbianco.com.br\/site\/wp-json\/wp\/v2\/types\/product"}],"replies":[{"embeddable":true,"href":"https:\/\/www.avmbianco.com.br\/site\/wp-json\/wp\/v2\/comments?post=14050"}],"wp:featuredmedia":[{"embeddable":true,"href":"https:\/\/www.avmbianco.com.br\/site\/wp-json\/wp\/v2\/media\/17724"}],"wp:attachment":[{"href":"https:\/\/www.avmbianco.com.br\/site\/wp-json\/wp\/v2\/media?parent=14050"}],"wp:term":[{"taxonomy":"product_brand","embeddable":true,"href":"https:\/\/www.avmbianco.com.br\/site\/wp-json\/wp\/v2\/product_brand?post=14050"},{"taxonomy":"product_cat","embeddable":true,"href":"https:\/\/www.avmbianco.com.br\/site\/wp-json\/wp\/v2\/product_cat?post=14050"},{"taxonomy":"product_tag","embeddable":true,"href":"https:\/\/www.avmbianco.com.br\/site\/wp-json\/wp\/v2\/product_tag?post=14050"}],"curies":[{"name":"wp","href":"https:\/\/api.w.org\/{rel}","templated":true}]}}