{"id":14054,"date":"2022-07-06T11:25:11","date_gmt":"2022-07-06T14:25:11","guid":{"rendered":"https:\/\/www.avmbianco.com.br\/site\/?post_type=product&#038;p=14054"},"modified":"2022-07-06T12:50:31","modified_gmt":"2022-07-06T15:50:31","slug":"fio-barroco-macrame","status":"publish","type":"product","link":"https:\/\/www.avmbianco.com.br\/site\/produto\/fio-barroco-macrame\/","title":{"rendered":"Fio Barroco Macram\u00ea"},"content":{"rendered":"<p><span class=\"tit\">DESCRI\u00c7\u00c3O<\/span><\/p>\n<p>Barroco Macram\u00ea Cru se assemelha aos outros fios que possu\u00edmos em nossa linha natural de produtos, ou seja: \u00e9 feito de algod\u00e3o cru, n\u00e3o tingido e nem alvejado, por meio de um processo de fabrica\u00e7\u00e3o que economiza \u00e1gua, produtos qu\u00edmicos, energia e torna a quantidade de res\u00edduos da produ\u00e7\u00e3o praticamente inexistente.<\/p>\n<p>Al\u00e9m de fazer bem ao meio ambiente, Barroco Macram\u00ea Cru garante um lindo resultado \u00e0s pe\u00e7as com ele confeccionadas \u00e0 m\u00e3o, sejam acess\u00f3rios de moda ou itens de decora\u00e7\u00e3o.<\/p>\n<p>Sobre Barroco Macram\u00ea: \u00e9 o primeiro fio da C\u00edrculo espec\u00edfico para a t\u00e9cnica feita exclusivamente atrav\u00e9s do uso das m\u00e3os e por meio de n\u00f3s.<\/p>\n<p>Com alta espessura e 100% algod\u00e3o, esse fio \u00e9 chamado de 4\/24, pois cada fio possui quatro cabos e cada cabo \u00e9 composto por mais outros 24 fios. Al\u00e9m de facilitar o manuseio durante o trabalho, a espessura de Barroco Macram\u00ea tamb\u00e9m garante o volume ideal para as pe\u00e7as feitas com a t\u00e9cnica.<\/p>\n<p><img decoding=\"async\" src=\"https:\/\/www.armarinhosaojose.com.br\/octopus\/design\/images\/94\/products\/o\/detalhe-barroco-macrame-circulo-cru-24fios-500gr.jpg\" alt=\"barroco-macrame-cru\" \/><\/p>\n<p>&nbsp;<\/p>\n<p><img decoding=\"async\" src=\"https:\/\/www.armarinhosaojose.com.br\/octopus\/design\/images\/94\/products\/o\/saia-macrame-barroco-24fios.jpg\" \/><\/p>\n<p>&nbsp;<\/p>\n<p><img decoding=\"async\" src=\"https:\/\/www.armarinhosaojose.com.br\/octopus\/design\/images\/94\/products\/o\/detalhe2-barroco-macrame-circulo-cru-24fios-500gr.jpg\" \/><\/p>\n","protected":false},"excerpt":{"rendered":"<p>Fio Ne 4\/24 (3543 TEX)<br \/>\nComposi\u00e7\u00e3o: 100% Algod\u00e3o<br \/>\nComprimento e Peso: 141 m e 500 g<br \/>\nAgulha Para Croch\u00ea: 7,0 mm a 9,0 mm<br \/>\nAgulha Para Tric\u00f4: 9,0 mm a 12,0 mm<br \/>\nQuantidade de Cores: 01<\/p>\n","protected":false},"featured_media":14055,"comment_status":"open","ping_status":"closed","template":"","meta":[],"product_brand":[],"product_cat":[641],"product_tag":[],"class_list":{"0":"post-14054","1":"product","2":"type-product","3":"status-publish","4":"has-post-thumbnail","6":"product_cat-fio","8":"first","9":"instock","10":"taxable","11":"shipping-taxable","12":"purchasable","13":"product-type-variable"},"_links":{"self":[{"href":"https:\/\/www.avmbianco.com.br\/site\/wp-json\/wp\/v2\/product\/14054","targetHints":{"allow":["GET"]}}],"collection":[{"href":"https:\/\/www.avmbianco.com.br\/site\/wp-json\/wp\/v2\/product"}],"about":[{"href":"https:\/\/www.avmbianco.com.br\/site\/wp-json\/wp\/v2\/types\/product"}],"replies":[{"embeddable":true,"href":"https:\/\/www.avmbianco.com.br\/site\/wp-json\/wp\/v2\/comments?post=14054"}],"wp:featuredmedia":[{"embeddable":true,"href":"https:\/\/www.avmbianco.com.br\/site\/wp-json\/wp\/v2\/media\/14055"}],"wp:attachment":[{"href":"https:\/\/www.avmbianco.com.br\/site\/wp-json\/wp\/v2\/media?parent=14054"}],"wp:term":[{"taxonomy":"product_brand","embeddable":true,"href":"https:\/\/www.avmbianco.com.br\/site\/wp-json\/wp\/v2\/product_brand?post=14054"},{"taxonomy":"product_cat","embeddable":true,"href":"https:\/\/www.avmbianco.com.br\/site\/wp-json\/wp\/v2\/product_cat?post=14054"},{"taxonomy":"product_tag","embeddable":true,"href":"https:\/\/www.avmbianco.com.br\/site\/wp-json\/wp\/v2\/product_tag?post=14054"}],"curies":[{"name":"wp","href":"https:\/\/api.w.org\/{rel}","templated":true}]}}