{"id":14077,"date":"2022-07-06T15:01:17","date_gmt":"2022-07-06T18:01:17","guid":{"rendered":"https:\/\/www.avmbianco.com.br\/site\/?post_type=product&#038;p=14077"},"modified":"2025-06-24T11:22:51","modified_gmt":"2025-06-24T14:22:51","slug":"resina-adesiva-para-tapete","status":"publish","type":"product","link":"https:\/\/www.avmbianco.com.br\/site\/produto\/resina-adesiva-para-tapete\/","title":{"rendered":"Resina Adesiva Para Tapete"},"content":{"rendered":"","protected":false},"excerpt":{"rendered":"<div class=\"descricao\">\n<p><span class=\"tit\">DESCRI\u00c7\u00c3O<\/span>A Resina Adesiva para Tapetes C\u00edrculo \u00e9 a melhor op\u00e7\u00e3o para dar estabilidade a trabalhos prontos, como tapetes e trilhos de mesa. Al\u00e9m de segura, ela \u00e9 produzida com material de excelente qualidade que evita escorreg\u00f5es e acidentes. Indicada para pe\u00e7as prontas de croch\u00ea ou tecido.<\/p>\n<\/div>\n<div class=\"dados_tecnicos\">\n<p>Quantidade: 250 g<\/p>\n<\/div>\n","protected":false},"featured_media":14078,"comment_status":"open","ping_status":"closed","template":"","meta":[],"product_brand":[],"product_cat":[23],"product_tag":[],"class_list":{"0":"post-14077","1":"product","2":"type-product","3":"status-publish","4":"has-post-thumbnail","6":"product_cat-acessorios","8":"first","9":"instock","10":"taxable","11":"shipping-taxable","12":"purchasable","13":"product-type-simple"},"_links":{"self":[{"href":"https:\/\/www.avmbianco.com.br\/site\/wp-json\/wp\/v2\/product\/14077","targetHints":{"allow":["GET"]}}],"collection":[{"href":"https:\/\/www.avmbianco.com.br\/site\/wp-json\/wp\/v2\/product"}],"about":[{"href":"https:\/\/www.avmbianco.com.br\/site\/wp-json\/wp\/v2\/types\/product"}],"replies":[{"embeddable":true,"href":"https:\/\/www.avmbianco.com.br\/site\/wp-json\/wp\/v2\/comments?post=14077"}],"wp:featuredmedia":[{"embeddable":true,"href":"https:\/\/www.avmbianco.com.br\/site\/wp-json\/wp\/v2\/media\/14078"}],"wp:attachment":[{"href":"https:\/\/www.avmbianco.com.br\/site\/wp-json\/wp\/v2\/media?parent=14077"}],"wp:term":[{"taxonomy":"product_brand","embeddable":true,"href":"https:\/\/www.avmbianco.com.br\/site\/wp-json\/wp\/v2\/product_brand?post=14077"},{"taxonomy":"product_cat","embeddable":true,"href":"https:\/\/www.avmbianco.com.br\/site\/wp-json\/wp\/v2\/product_cat?post=14077"},{"taxonomy":"product_tag","embeddable":true,"href":"https:\/\/www.avmbianco.com.br\/site\/wp-json\/wp\/v2\/product_tag?post=14077"}],"curies":[{"name":"wp","href":"https:\/\/api.w.org\/{rel}","templated":true}]}}