{"id":14521,"date":"2022-08-03T11:43:49","date_gmt":"2022-08-03T14:43:49","guid":{"rendered":"https:\/\/www.avmbianco.com.br\/site\/?post_type=product&#038;p=14521"},"modified":"2025-06-23T11:37:11","modified_gmt":"2025-06-23T14:37:11","slug":"agulha-croche-clover-soft","status":"publish","type":"product","link":"https:\/\/www.avmbianco.com.br\/site\/produto\/agulha-croche-clover-soft\/","title":{"rendered":"Agulha Croche Clover Soft"},"content":{"rendered":"","protected":false},"excerpt":{"rendered":"<p>As agulhas Clover Soft s\u00e3o leves e ergon\u00f4micas, desenvolvidas com materiais de alta qualidade para proporcionar conforto \u00e0s m\u00e3os do artes\u00e3o durante o trabalho manual e uma experi\u00eancia incr\u00edvel em projetos bem-estruturados e com pontos uniformes, principalmente no trabalho com amigurumis.<\/p>\n","protected":false},"featured_media":14522,"comment_status":"open","ping_status":"closed","template":"","meta":[],"product_brand":[],"product_cat":[29,30],"product_tag":[],"class_list":{"0":"post-14521","1":"product","2":"type-product","3":"status-publish","4":"has-post-thumbnail","6":"product_cat-agulhas","7":"product_cat-crochet","9":"first","10":"instock","11":"taxable","12":"shipping-taxable","13":"purchasable","14":"product-type-variable"},"_links":{"self":[{"href":"https:\/\/www.avmbianco.com.br\/site\/wp-json\/wp\/v2\/product\/14521","targetHints":{"allow":["GET"]}}],"collection":[{"href":"https:\/\/www.avmbianco.com.br\/site\/wp-json\/wp\/v2\/product"}],"about":[{"href":"https:\/\/www.avmbianco.com.br\/site\/wp-json\/wp\/v2\/types\/product"}],"replies":[{"embeddable":true,"href":"https:\/\/www.avmbianco.com.br\/site\/wp-json\/wp\/v2\/comments?post=14521"}],"wp:featuredmedia":[{"embeddable":true,"href":"https:\/\/www.avmbianco.com.br\/site\/wp-json\/wp\/v2\/media\/14522"}],"wp:attachment":[{"href":"https:\/\/www.avmbianco.com.br\/site\/wp-json\/wp\/v2\/media?parent=14521"}],"wp:term":[{"taxonomy":"product_brand","embeddable":true,"href":"https:\/\/www.avmbianco.com.br\/site\/wp-json\/wp\/v2\/product_brand?post=14521"},{"taxonomy":"product_cat","embeddable":true,"href":"https:\/\/www.avmbianco.com.br\/site\/wp-json\/wp\/v2\/product_cat?post=14521"},{"taxonomy":"product_tag","embeddable":true,"href":"https:\/\/www.avmbianco.com.br\/site\/wp-json\/wp\/v2\/product_tag?post=14521"}],"curies":[{"name":"wp","href":"https:\/\/api.w.org\/{rel}","templated":true}]}}