{"id":14740,"date":"2022-08-26T10:23:35","date_gmt":"2022-08-26T13:23:35","guid":{"rendered":"https:\/\/www.avmbianco.com.br\/site\/?post_type=product&#038;p=14740"},"modified":"2025-06-23T10:31:06","modified_gmt":"2025-06-23T13:31:06","slug":"botao-pressao-erbele-7150-100","status":"publish","type":"product","link":"https:\/\/www.avmbianco.com.br\/site\/produto\/botao-pressao-erbele-7150-100\/","title":{"rendered":"Bot\u00e3o Press\u00e3o Erbele 7150\/100 e \/80"},"content":{"rendered":"<p><img decoding=\"async\" src=\"https:\/\/www.armarinhosaojose.com.br\/octopus\/design\/images\/94\/products\/b\/e-7150-100-l-botao-pressao-latao.jpg\" alt=\"Bot\u00e3o de Press\u00e3o Eberle 7150\/100L 15mm Caixa c\/200 unidades\" \/><\/p>\n","protected":false},"excerpt":{"rendered":"<p>Bot\u00e3o de Press\u00e3o Eberle<\/p>\n<p>\/100=15mm<\/p>\n<p>\/80=13mm<\/p>\n<p><b>Refer\u00eancia da matriz para aplica\u00e7\u00e3o: Matriz 7150\/100 (M.BT7.150.100)<\/b><br \/>\nMaterial: Lat\u00e3o<br \/>\nCaixa com 200 unidades<\/p>\n<p>Bot\u00e3o de press\u00e3o Forte, Usado em tecidos pesados e m\u00e9dios.<\/p>\n","protected":false},"featured_media":14744,"comment_status":"open","ping_status":"closed","template":"","meta":[],"product_brand":[],"product_cat":[24,211],"product_tag":[],"class_list":{"0":"post-14740","1":"product","2":"type-product","3":"status-publish","4":"has-post-thumbnail","6":"product_cat-botoes","7":"product_cat-pressao","9":"first","10":"instock","11":"taxable","12":"shipping-taxable","13":"purchasable","14":"product-type-variable"},"_links":{"self":[{"href":"https:\/\/www.avmbianco.com.br\/site\/wp-json\/wp\/v2\/product\/14740","targetHints":{"allow":["GET"]}}],"collection":[{"href":"https:\/\/www.avmbianco.com.br\/site\/wp-json\/wp\/v2\/product"}],"about":[{"href":"https:\/\/www.avmbianco.com.br\/site\/wp-json\/wp\/v2\/types\/product"}],"replies":[{"embeddable":true,"href":"https:\/\/www.avmbianco.com.br\/site\/wp-json\/wp\/v2\/comments?post=14740"}],"wp:featuredmedia":[{"embeddable":true,"href":"https:\/\/www.avmbianco.com.br\/site\/wp-json\/wp\/v2\/media\/14744"}],"wp:attachment":[{"href":"https:\/\/www.avmbianco.com.br\/site\/wp-json\/wp\/v2\/media?parent=14740"}],"wp:term":[{"taxonomy":"product_brand","embeddable":true,"href":"https:\/\/www.avmbianco.com.br\/site\/wp-json\/wp\/v2\/product_brand?post=14740"},{"taxonomy":"product_cat","embeddable":true,"href":"https:\/\/www.avmbianco.com.br\/site\/wp-json\/wp\/v2\/product_cat?post=14740"},{"taxonomy":"product_tag","embeddable":true,"href":"https:\/\/www.avmbianco.com.br\/site\/wp-json\/wp\/v2\/product_tag?post=14740"}],"curies":[{"name":"wp","href":"https:\/\/api.w.org\/{rel}","templated":true}]}}