{"id":14800,"date":"2022-09-22T10:19:12","date_gmt":"2022-09-22T13:19:12","guid":{"rendered":"https:\/\/www.avmbianco.com.br\/site\/?post_type=product&#038;p=14800"},"modified":"2025-03-28T09:25:03","modified_gmt":"2025-03-28T12:25:03","slug":"tnt","status":"publish","type":"product","link":"https:\/\/www.avmbianco.com.br\/site\/produto\/tnt\/","title":{"rendered":"TNT"},"content":{"rendered":"<p><img decoding=\"async\" src=\"https:\/\/http2.mlstatic.com\/D_NQ_NP_885009-MLB48416854797_122021-O.webp\" alt=\"Imagem 4 de 4 de Tnt Tecido N\u00e3o Tecido 50 Metros - Diversas Cores Dispon\u00edveis\" \/><\/p>\n","protected":false},"excerpt":{"rendered":"<p>DESCRI\u00c7\u00c3O: O TNT \u00e9 a sigla para Tecido N\u00e3o Tecido \u2013 tipo de tecido classificado como um n\u00e3o tecido.<\/p>\n<p>ATEN\u00c7\u00c3O: Cada bobina vendida por n\u00f3s tem 50m cada, portanto, caso voc\u00ea compre mais de 50m, voc\u00ea pode receber os metros de forma separada.<\/p>\n<p>\u00c9 produzido a partir de fibras desorientadas que s\u00e3o aglomeradas e fixadas, n\u00e3o passando pelos processos t\u00eaxteis mais comuns que s\u00e3o fia\u00e7\u00e3o e tecelagem.<br \/>\nO TNT n\u00e3o precisa de tear para ser elaborado, pois sua mat\u00e9ria prima \u00e9 o polipropileno (uma resina termopl\u00e1stica produzida a partir do g\u00e1s propileno, que \u00e9 um subproduto da refina\u00e7\u00e3o do petr\u00f3leo), e suas fibras s\u00e3o unidas pelo calor, dispensando a fase espec\u00edfica de \u201ctecer\u201d<\/p>\n<p>LARGURA: 1,40 Metros<\/p>\n<p>COMPRIMENTO: 50 Metros<\/p>\n<p>INDICA\u00c7\u00c3O DE USO: Tecido utilizado para Decora\u00e7\u00e3o em geral.<\/p>\n<p>COMPOSI\u00c7\u00c3O: 100% Polipropileno<\/p>\n","protected":false},"featured_media":14810,"comment_status":"open","ping_status":"closed","template":"","meta":[],"product_brand":[],"product_cat":[1766],"product_tag":[],"class_list":{"0":"post-14800","1":"product","2":"type-product","3":"status-publish","4":"has-post-thumbnail","6":"product_cat-tnt","8":"first","9":"instock","10":"taxable","11":"shipping-taxable","12":"purchasable","13":"product-type-variable"},"_links":{"self":[{"href":"https:\/\/www.avmbianco.com.br\/site\/wp-json\/wp\/v2\/product\/14800","targetHints":{"allow":["GET"]}}],"collection":[{"href":"https:\/\/www.avmbianco.com.br\/site\/wp-json\/wp\/v2\/product"}],"about":[{"href":"https:\/\/www.avmbianco.com.br\/site\/wp-json\/wp\/v2\/types\/product"}],"replies":[{"embeddable":true,"href":"https:\/\/www.avmbianco.com.br\/site\/wp-json\/wp\/v2\/comments?post=14800"}],"wp:featuredmedia":[{"embeddable":true,"href":"https:\/\/www.avmbianco.com.br\/site\/wp-json\/wp\/v2\/media\/14810"}],"wp:attachment":[{"href":"https:\/\/www.avmbianco.com.br\/site\/wp-json\/wp\/v2\/media?parent=14800"}],"wp:term":[{"taxonomy":"product_brand","embeddable":true,"href":"https:\/\/www.avmbianco.com.br\/site\/wp-json\/wp\/v2\/product_brand?post=14800"},{"taxonomy":"product_cat","embeddable":true,"href":"https:\/\/www.avmbianco.com.br\/site\/wp-json\/wp\/v2\/product_cat?post=14800"},{"taxonomy":"product_tag","embeddable":true,"href":"https:\/\/www.avmbianco.com.br\/site\/wp-json\/wp\/v2\/product_tag?post=14800"}],"curies":[{"name":"wp","href":"https:\/\/api.w.org\/{rel}","templated":true}]}}