{"id":14934,"date":"2022-10-27T09:25:46","date_gmt":"2022-10-27T12:25:46","guid":{"rendered":"https:\/\/www.avmbianco.com.br\/site\/?post_type=product&#038;p=14934"},"modified":"2025-10-10T11:59:48","modified_gmt":"2025-10-10T14:59:48","slug":"ponteira-bola","status":"publish","type":"product","link":"https:\/\/www.avmbianco.com.br\/site\/produto\/ponteira-bola\/","title":{"rendered":"Ponteira Bola"},"content":{"rendered":"<p><img loading=\"lazy\" decoding=\"async\" class=\"alignnone size-medium wp-image-18343\" src=\"https:\/\/www.avmbianco.com.br\/site\/wp-content\/uploads\/IMG-20251009-WA0017-200x130.jpg\" alt=\"\" width=\"200\" height=\"130\" srcset=\"https:\/\/www.avmbianco.com.br\/site\/wp-content\/uploads\/IMG-20251009-WA0017-200x130.jpg 200w, https:\/\/www.avmbianco.com.br\/site\/wp-content\/uploads\/IMG-20251009-WA0017-384x250.jpg 384w, https:\/\/www.avmbianco.com.br\/site\/wp-content\/uploads\/IMG-20251009-WA0017-768x500.jpg 768w, https:\/\/www.avmbianco.com.br\/site\/wp-content\/uploads\/IMG-20251009-WA0017-224x146.jpg 224w, https:\/\/www.avmbianco.com.br\/site\/wp-content\/uploads\/IMG-20251009-WA0017-50x33.jpg 50w, https:\/\/www.avmbianco.com.br\/site\/wp-content\/uploads\/IMG-20251009-WA0017-576x375.jpg 576w, https:\/\/www.avmbianco.com.br\/site\/wp-content\/uploads\/IMG-20251009-WA0017-115x75.jpg 115w, https:\/\/www.avmbianco.com.br\/site\/wp-content\/uploads\/IMG-20251009-WA0017-500x325.jpg 500w, https:\/\/www.avmbianco.com.br\/site\/wp-content\/uploads\/IMG-20251009-WA0017.jpg 1502w\" sizes=\"auto, (max-width: 200px) 100vw, 200px\" \/><\/p>\n","protected":false},"excerpt":{"rendered":"<p>Ponteiras s\u00e3o ideais para confec\u00e7\u00e3o de macram\u00eas para vasos de plantas, cachepots, encosto massageador para carros, perfeita para decora\u00e7\u00e3o de redes de descanso, cortinas, terminal de cord\u00e3o e muito mais.<\/p>\n<p>As bolas tem 10mm o furo e do entremeio tem 15mm por 25mm<\/p>\n<p>Pacotes com 25p\u00e7 e com 50p\u00e7<\/p>\n<p>OBS:Para facilitar da uma olhada no mostru\u00e1rio com o numero das cores.<\/p>\n","protected":false},"featured_media":14938,"comment_status":"open","ping_status":"closed","template":"","meta":[],"product_brand":[],"product_cat":[995],"product_tag":[],"class_list":{"0":"post-14934","1":"product","2":"type-product","3":"status-publish","4":"has-post-thumbnail","6":"product_cat-ponteira","8":"first","9":"instock","10":"taxable","11":"shipping-taxable","12":"purchasable","13":"product-type-variable"},"_links":{"self":[{"href":"https:\/\/www.avmbianco.com.br\/site\/wp-json\/wp\/v2\/product\/14934","targetHints":{"allow":["GET"]}}],"collection":[{"href":"https:\/\/www.avmbianco.com.br\/site\/wp-json\/wp\/v2\/product"}],"about":[{"href":"https:\/\/www.avmbianco.com.br\/site\/wp-json\/wp\/v2\/types\/product"}],"replies":[{"embeddable":true,"href":"https:\/\/www.avmbianco.com.br\/site\/wp-json\/wp\/v2\/comments?post=14934"}],"wp:featuredmedia":[{"embeddable":true,"href":"https:\/\/www.avmbianco.com.br\/site\/wp-json\/wp\/v2\/media\/14938"}],"wp:attachment":[{"href":"https:\/\/www.avmbianco.com.br\/site\/wp-json\/wp\/v2\/media?parent=14934"}],"wp:term":[{"taxonomy":"product_brand","embeddable":true,"href":"https:\/\/www.avmbianco.com.br\/site\/wp-json\/wp\/v2\/product_brand?post=14934"},{"taxonomy":"product_cat","embeddable":true,"href":"https:\/\/www.avmbianco.com.br\/site\/wp-json\/wp\/v2\/product_cat?post=14934"},{"taxonomy":"product_tag","embeddable":true,"href":"https:\/\/www.avmbianco.com.br\/site\/wp-json\/wp\/v2\/product_tag?post=14934"}],"curies":[{"name":"wp","href":"https:\/\/api.w.org\/{rel}","templated":true}]}}