{"id":14978,"date":"2023-02-16T12:27:07","date_gmt":"2023-02-16T15:27:07","guid":{"rendered":"https:\/\/www.avmbianco.com.br\/site\/?post_type=product&#038;p=14978"},"modified":"2025-06-25T10:47:15","modified_gmt":"2025-06-25T13:47:15","slug":"manta-acrilica-r-2","status":"publish","type":"product","link":"https:\/\/www.avmbianco.com.br\/site\/produto\/manta-acrilica-r-2\/","title":{"rendered":"Manta Acr\u00edlica R-2"},"content":{"rendered":"<p><img decoding=\"async\" src=\"https:\/\/d2az8otjr0j19j.cloudfront.net\/templates\/001\/958\/137\/twig\/static\/images\/empty-placeholder.png?1602420133\" alt=\"feltro fibra enchimento artesanato saia arvore natal amigurumis \" \/><img decoding=\"async\" src=\"https:\/\/d2az8otjr0j19j.cloudfront.net\/templates\/001\/958\/137\/twig\/static\/images\/empty-placeholder.png?1602420133\" alt=\"feltro fibra enchimento artesanato saia arvore natal amigurumis \" \/><img decoding=\"async\" src=\"https:\/\/d2az8otjr0j19j.cloudfront.net\/templates\/001\/958\/137\/twig\/static\/images\/empty-placeholder.png?1602420133\" alt=\"feltro fibra enchimento artesanato saia arvore natal amigurumis \" \/><img decoding=\"async\" src=\"https:\/\/d2r9epyceweg5n.cloudfront.net\/stores\/001\/958\/137\/products\/manta-de-poliester-r2-cod-72-5001-0001-9da34119562f0b29ac16469189376420-640-0.webp\" \/><\/p>\n<p><img decoding=\"async\" src=\"https:\/\/cdn2.solojavirtual.com\/loja\/arquivos_loja\/65491\/Fotos\/thumbs3\/produto_Foto1_14005981.jpg?cache=\" alt=\"Manta Filtrante com Velcro G4 Medidas 0,66 x 2,60m sob medidas\" \/><\/p>\n","protected":false},"excerpt":{"rendered":"<p><strong>Caracter\u00edsticas:<\/strong><br \/>\nTipo: Manta Acr\u00edlica R2\u00a0com duas faces aderentes<\/p>\n<p>Ideal para enchimentos e sustentabilidade na hora de confeccionar pe\u00e7as de vestu\u00e1rio , acess\u00f3rios e muito mais.<\/p>\n<p><strong>Composi\u00e7\u00e3o:<\/strong><br \/>\n100% Poli\u00e9ster<br \/>\nGramatura: 196g\/m\u00b2<\/p>\n<p><strong>Conte\u00fado e Dimens\u00f5es:<\/strong><br \/>\n01 Rolo\u00a0de 25m x 1,50m<\/p>\n<p>01 Rolo de 1mt x 1,50m<\/p>\n<p><strong>Instru\u00e7\u00f5es de Conserva\u00e7\u00e3o:<\/strong><br \/>\n*Recomenda\u00e7\u00e3o: N\u00e3o lavar<\/p>\n","protected":false},"featured_media":14979,"comment_status":"open","ping_status":"closed","template":"","meta":[],"product_brand":[],"product_cat":[495],"product_tag":[],"class_list":{"0":"post-14978","1":"product","2":"type-product","3":"status-publish","4":"has-post-thumbnail","6":"product_cat-manta","8":"first","9":"instock","10":"taxable","11":"shipping-taxable","12":"purchasable","13":"product-type-variable"},"_links":{"self":[{"href":"https:\/\/www.avmbianco.com.br\/site\/wp-json\/wp\/v2\/product\/14978","targetHints":{"allow":["GET"]}}],"collection":[{"href":"https:\/\/www.avmbianco.com.br\/site\/wp-json\/wp\/v2\/product"}],"about":[{"href":"https:\/\/www.avmbianco.com.br\/site\/wp-json\/wp\/v2\/types\/product"}],"replies":[{"embeddable":true,"href":"https:\/\/www.avmbianco.com.br\/site\/wp-json\/wp\/v2\/comments?post=14978"}],"wp:featuredmedia":[{"embeddable":true,"href":"https:\/\/www.avmbianco.com.br\/site\/wp-json\/wp\/v2\/media\/14979"}],"wp:attachment":[{"href":"https:\/\/www.avmbianco.com.br\/site\/wp-json\/wp\/v2\/media?parent=14978"}],"wp:term":[{"taxonomy":"product_brand","embeddable":true,"href":"https:\/\/www.avmbianco.com.br\/site\/wp-json\/wp\/v2\/product_brand?post=14978"},{"taxonomy":"product_cat","embeddable":true,"href":"https:\/\/www.avmbianco.com.br\/site\/wp-json\/wp\/v2\/product_cat?post=14978"},{"taxonomy":"product_tag","embeddable":true,"href":"https:\/\/www.avmbianco.com.br\/site\/wp-json\/wp\/v2\/product_tag?post=14978"}],"curies":[{"name":"wp","href":"https:\/\/api.w.org\/{rel}","templated":true}]}}