{"id":14993,"date":"2023-03-30T12:01:13","date_gmt":"2023-03-30T15:01:13","guid":{"rendered":"https:\/\/www.avmbianco.com.br\/site\/?post_type=product&#038;p=14993"},"modified":"2025-02-05T16:11:35","modified_gmt":"2025-02-05T19:11:35","slug":"tesoura-1490-9","status":"publish","type":"product","link":"https:\/\/www.avmbianco.com.br\/site\/produto\/tesoura-1490-9\/","title":{"rendered":"Tesoura Alfaiate 1490"},"content":{"rendered":"<p><img decoding=\"async\" src=\"https:\/\/cdnv2.moovin.com.br\/grupomundial\/imagens\/produtos\/original\/75c2be6411e6d0675e4eb19f50143f68.png\" \/><\/p>\n<p><img decoding=\"async\" src=\"https:\/\/cdnv2.moovin.com.br\/grupomundial\/imagens\/produtos\/original\/2026eefb2222e5b0e2c7b2d09f888cc0.png\" \/><\/p>\n<p>Tesoura Forjada para Alfaiate Pratical 1490-9<\/p>\n<p>As tesouras profissionais para costura possuem os aros alongados, permitindo maior controle no manuseio. Com padr\u00e3o de qualidade internacional, tem excelente desempenho, precis\u00e3o e controle.<\/p>\n<p>Caracter\u00edstica<\/p>\n<p>Tamanho: 23cm<\/p>\n<p>Uso: Dom\u00e9stico\/Profissional\/Industrial<\/p>\n<p>L\u00e2mina: A\u00e7o inox<\/p>\n<p>Cabo: A\u00e7o inox Pintado<\/p>\n<p>Restri\u00e7\u00f5es\/Riscos: Tenha cuidado ao manusear produtos cortantes e perfurantes e mantenha os fora do alcance de crian\u00e7as.<\/p>\n<p>Dimens\u00f5es do produto 23 x 8 x 2 cm; 260 g<br \/>\nFio navalha<br \/>\nCabo pintado ergon\u00f4mico e pintado de cinza<br \/>\nAcabamento acetinado niquelado<br \/>\nApoio na lateral do cabo para maior precis\u00e3o<br \/>\nParafuso plano e porca saliente<\/p>\n<p>Tesoura multiuso \u00e9 ideal para qualquer momento ou situa\u00e7\u00e3o! Fabricada no Brasil, a tesoura \u00e9 forjada e temperada, com um excelente desempenho e precis\u00e3o de corte.<\/p>\n","protected":false},"excerpt":{"rendered":"<p>O trabalho fica muito mais f\u00e1cil quando se tem uma tesoura que te d\u00ea firmeza, n\u00e3o \u00e9 mesmo?!\u00a0<strong>A tesoura alfaiate industrial Mundial 1490-9\u00a0<\/strong>possui cabo ergon\u00f4mico na cor cinza para 4 dedos e apoio de mesa, facilitando o corte de tecidos. Suas l\u00e2minas tem\u00a0<strong>fio navalha e acabamento acetinado niquelado,<\/strong>\u00a0al\u00e9m de parafuso plano e porca saliente para melhor ajuste de l\u00e2minas e reafia\u00e7\u00e3o.<\/p>\n<p>Tesoura de 9 polegadas (9\u2019\u2019).<\/p>\n","protected":false},"featured_media":14994,"comment_status":"open","ping_status":"closed","template":"","meta":[],"product_brand":[],"product_cat":[123],"product_tag":[],"class_list":{"0":"post-14993","1":"product","2":"type-product","3":"status-publish","4":"has-post-thumbnail","6":"product_cat-tesouras","8":"first","9":"instock","10":"taxable","11":"shipping-taxable","12":"purchasable","13":"product-type-variable"},"_links":{"self":[{"href":"https:\/\/www.avmbianco.com.br\/site\/wp-json\/wp\/v2\/product\/14993","targetHints":{"allow":["GET"]}}],"collection":[{"href":"https:\/\/www.avmbianco.com.br\/site\/wp-json\/wp\/v2\/product"}],"about":[{"href":"https:\/\/www.avmbianco.com.br\/site\/wp-json\/wp\/v2\/types\/product"}],"replies":[{"embeddable":true,"href":"https:\/\/www.avmbianco.com.br\/site\/wp-json\/wp\/v2\/comments?post=14993"}],"wp:featuredmedia":[{"embeddable":true,"href":"https:\/\/www.avmbianco.com.br\/site\/wp-json\/wp\/v2\/media\/14994"}],"wp:attachment":[{"href":"https:\/\/www.avmbianco.com.br\/site\/wp-json\/wp\/v2\/media?parent=14993"}],"wp:term":[{"taxonomy":"product_brand","embeddable":true,"href":"https:\/\/www.avmbianco.com.br\/site\/wp-json\/wp\/v2\/product_brand?post=14993"},{"taxonomy":"product_cat","embeddable":true,"href":"https:\/\/www.avmbianco.com.br\/site\/wp-json\/wp\/v2\/product_cat?post=14993"},{"taxonomy":"product_tag","embeddable":true,"href":"https:\/\/www.avmbianco.com.br\/site\/wp-json\/wp\/v2\/product_tag?post=14993"}],"curies":[{"name":"wp","href":"https:\/\/api.w.org\/{rel}","templated":true}]}}