{"id":15076,"date":"2023-05-30T09:11:50","date_gmt":"2023-05-30T12:11:50","guid":{"rendered":"https:\/\/www.avmbianco.com.br\/site\/?post_type=product&#038;p=15076"},"modified":"2025-09-02T16:03:37","modified_gmt":"2025-09-02T19:03:37","slug":"entretela-crina","status":"publish","type":"product","link":"https:\/\/www.avmbianco.com.br\/site\/produto\/entretela-crina\/","title":{"rendered":"Entretela Crina"},"content":{"rendered":"<p dir=\"ltr\" align=\"left\">A entretela\u00a0<a href=\"https:\/\/www.rivieratecidosfinos.com.br\/forros-entretelas\/entretela\/tecido-entretela-crina-de-cavalo-12962\/\">Crina de Cavalo<\/a>\u00a0\u00e9 muito utilizada para dar estrutura a corpetes, golas de casacos e blazers. Sua fixa\u00e7\u00e3o \u00e0 pe\u00e7a \u00e9 de forma manual, ou seja, n\u00e3o \u00e9 termocolante, geralmente cortada com o mesmo molde da pe\u00e7a que est\u00e1 sendo confeccionada \u00e9 costurada \u00e0 m\u00e3o entre\u00a0<a href=\"http:\/\/www.rivieratecidosfinos.com.br\/forros-entretelas\/\">forro<\/a>\u00a0e<a href=\"http:\/\/www.rivieratecidosfinos.com.br\/tecidos-alfaiataria\/\">\u00a0tecido principal<\/a>. N\u00e3o possui elasticidade e proporciona um \u00f3timo acabamento \u00e0 pe\u00e7a, evitando o enrugamento.<\/p>\n<p dir=\"ltr\" align=\"left\">Diante da diversidade de\u00a0<a href=\"http:\/\/www.rivieratecidosfinos.com.br\/forros-entretelas\/entretela\/\">entretelas<\/a>\u00a0dispon\u00edveis no mercado, alguns pontos s\u00e3o essenciais na escolha da entretela. \u00c9 necess\u00e1rio analisar detalhes como o tipo de tecido, a pe\u00e7a a ser confeccionada e o caimento final pretendido para a pe\u00e7a.<\/p>\n<p dir=\"ltr\" align=\"left\">\n","protected":false},"excerpt":{"rendered":"<p dir=\"ltr\" align=\"left\">Caracter\u00edsticas T\u00e9cnicas:<\/p>\n<p dir=\"ltr\" align=\"left\">Largura: 1,60 m Com 50mt<\/p>\n<p dir=\"ltr\" align=\"left\">Composi\u00e7\u00e3o: 100% poli\u00e9ster<\/p>\n","protected":false},"featured_media":15079,"comment_status":"open","ping_status":"closed","template":"","meta":[],"product_brand":[],"product_cat":[509],"product_tag":[],"class_list":{"0":"post-15076","1":"product","2":"type-product","3":"status-publish","4":"has-post-thumbnail","6":"product_cat-entretelas","8":"first","9":"outofstock","10":"taxable","11":"shipping-taxable","12":"purchasable","13":"product-type-variable"},"_links":{"self":[{"href":"https:\/\/www.avmbianco.com.br\/site\/wp-json\/wp\/v2\/product\/15076","targetHints":{"allow":["GET"]}}],"collection":[{"href":"https:\/\/www.avmbianco.com.br\/site\/wp-json\/wp\/v2\/product"}],"about":[{"href":"https:\/\/www.avmbianco.com.br\/site\/wp-json\/wp\/v2\/types\/product"}],"replies":[{"embeddable":true,"href":"https:\/\/www.avmbianco.com.br\/site\/wp-json\/wp\/v2\/comments?post=15076"}],"wp:featuredmedia":[{"embeddable":true,"href":"https:\/\/www.avmbianco.com.br\/site\/wp-json\/wp\/v2\/media\/15079"}],"wp:attachment":[{"href":"https:\/\/www.avmbianco.com.br\/site\/wp-json\/wp\/v2\/media?parent=15076"}],"wp:term":[{"taxonomy":"product_brand","embeddable":true,"href":"https:\/\/www.avmbianco.com.br\/site\/wp-json\/wp\/v2\/product_brand?post=15076"},{"taxonomy":"product_cat","embeddable":true,"href":"https:\/\/www.avmbianco.com.br\/site\/wp-json\/wp\/v2\/product_cat?post=15076"},{"taxonomy":"product_tag","embeddable":true,"href":"https:\/\/www.avmbianco.com.br\/site\/wp-json\/wp\/v2\/product_tag?post=15076"}],"curies":[{"name":"wp","href":"https:\/\/api.w.org\/{rel}","templated":true}]}}