{"id":15168,"date":"2023-06-21T09:36:50","date_gmt":"2023-06-21T12:36:50","guid":{"rendered":"https:\/\/www.avmbianco.com.br\/site\/?post_type=product&#038;p=15168"},"modified":"2025-03-12T11:23:40","modified_gmt":"2025-03-12T14:23:40","slug":"renda-paraiba-609524","status":"publish","type":"product","link":"https:\/\/www.avmbianco.com.br\/site\/produto\/renda-paraiba-609524\/","title":{"rendered":"Renda Paraiba 609524"},"content":{"rendered":"","protected":false},"excerpt":{"rendered":"<p>Renda utilizada para diversas finalidades, como artesanato, confec\u00e7\u00f5es em geral, confec\u00e7\u00e3o para festa junina, confec\u00e7\u00e3o para bebe, decora\u00e7\u00e3o, mosquiteiros, etc. Material de excelente acabamento.<\/p>\n<p>Cont\u00e9m: 1 Unidade Largura: 11mm Comprimento: 20mts Composi\u00e7\u00e3o: 100% Algod\u00e3o<\/p>\n","protected":false},"featured_media":15169,"comment_status":"open","ping_status":"closed","template":"","meta":[],"product_brand":[],"product_cat":[1800,22],"product_tag":[],"class_list":{"0":"post-15168","1":"product","2":"type-product","3":"status-publish","4":"has-post-thumbnail","6":"product_cat-paraiba","7":"product_cat-rendas","9":"first","10":"outofstock","11":"taxable","12":"shipping-taxable","13":"purchasable","14":"product-type-simple"},"_links":{"self":[{"href":"https:\/\/www.avmbianco.com.br\/site\/wp-json\/wp\/v2\/product\/15168","targetHints":{"allow":["GET"]}}],"collection":[{"href":"https:\/\/www.avmbianco.com.br\/site\/wp-json\/wp\/v2\/product"}],"about":[{"href":"https:\/\/www.avmbianco.com.br\/site\/wp-json\/wp\/v2\/types\/product"}],"replies":[{"embeddable":true,"href":"https:\/\/www.avmbianco.com.br\/site\/wp-json\/wp\/v2\/comments?post=15168"}],"wp:featuredmedia":[{"embeddable":true,"href":"https:\/\/www.avmbianco.com.br\/site\/wp-json\/wp\/v2\/media\/15169"}],"wp:attachment":[{"href":"https:\/\/www.avmbianco.com.br\/site\/wp-json\/wp\/v2\/media?parent=15168"}],"wp:term":[{"taxonomy":"product_brand","embeddable":true,"href":"https:\/\/www.avmbianco.com.br\/site\/wp-json\/wp\/v2\/product_brand?post=15168"},{"taxonomy":"product_cat","embeddable":true,"href":"https:\/\/www.avmbianco.com.br\/site\/wp-json\/wp\/v2\/product_cat?post=15168"},{"taxonomy":"product_tag","embeddable":true,"href":"https:\/\/www.avmbianco.com.br\/site\/wp-json\/wp\/v2\/product_tag?post=15168"}],"curies":[{"name":"wp","href":"https:\/\/api.w.org\/{rel}","templated":true}]}}