{"id":15193,"date":"2023-06-21T11:19:29","date_gmt":"2023-06-21T14:19:29","guid":{"rendered":"https:\/\/www.avmbianco.com.br\/site\/?post_type=product&#038;p=15193"},"modified":"2025-11-14T11:53:20","modified_gmt":"2025-11-14T14:53:20","slug":"tesoura-alfaiate-onyx-4598","status":"publish","type":"product","link":"https:\/\/www.avmbianco.com.br\/site\/produto\/tesoura-alfaiate-onyx-4598\/","title":{"rendered":"Tesoura Alfaiate Onyx 4598"},"content":{"rendered":"<div class=\"row\">\n<div class=\"col-12 col-sm-12 col-md-12\">\n<div id=\"product_description\" class=\"product_description\">\n<div class=\"productDescription\">\n<p><strong>Caracter\u00edstica<\/strong><\/p>\n<ul>\n<li>Uso: Dom\u00e9stico\/Profissional<\/li>\n<li>L\u00e2mina: A\u00e7o Inox<\/li>\n<li>Cabo: Emborrachado<\/li>\n<li>Restri\u00e7\u00f5es\/Riscos: Tenha cuidado ao manusear produtos cortantes e perfurantes e mantenha-os fora do alcance de crian\u00e7as.<\/li>\n<li>Durabilidade: indeterminada<\/li>\n<\/ul>\n<p><strong>Dimens\u00f5es<\/strong><\/p>\n<\/div>\n<div class=\"productDescription\">\n<p><strong>Medidas do Produto:<\/strong><\/p>\n<ul>\n<li>Comprimento: 30,5 cm<\/li>\n<li>Largura: 9,5 cm<\/li>\n<li>Altura: 2,5 cm<\/li>\n<li>Peso: 448 g<\/li>\n<\/ul>\n<\/div>\n<\/div>\n<\/div>\n<\/div>\n","protected":false},"excerpt":{"rendered":"<p>As tesouras Onyx aliam conforto e funcionalidade, Cabos com acabamento emborrachado e l\u00e2mina com revestimento especial que evita a oxida\u00e7\u00e3o, s\u00e3o ideais para corte de pap\u00e9is, tecidos, pl\u00e1stico e borracha. Al\u00e9m disso, seu sistema de fixa\u00e7\u00e3o permite ajuste de press\u00e3o de corte. Para melhorar a conserva\u00e7\u00e3o de sua tesoura, evite quedas e mantenha-a seca e lubrificada quando necess\u00e1rio.<\/p>\n<p>4598-10(25,4CM)<\/p>\n<p>4598-12(30,5CM)<\/p>\n","protected":false},"featured_media":15196,"comment_status":"open","ping_status":"closed","template":"","meta":[],"product_brand":[],"product_cat":[123],"product_tag":[],"class_list":{"0":"post-15193","1":"product","2":"type-product","3":"status-publish","4":"has-post-thumbnail","6":"product_cat-tesouras","8":"first","9":"instock","10":"taxable","11":"shipping-taxable","12":"purchasable","13":"product-type-variable"},"_links":{"self":[{"href":"https:\/\/www.avmbianco.com.br\/site\/wp-json\/wp\/v2\/product\/15193","targetHints":{"allow":["GET"]}}],"collection":[{"href":"https:\/\/www.avmbianco.com.br\/site\/wp-json\/wp\/v2\/product"}],"about":[{"href":"https:\/\/www.avmbianco.com.br\/site\/wp-json\/wp\/v2\/types\/product"}],"replies":[{"embeddable":true,"href":"https:\/\/www.avmbianco.com.br\/site\/wp-json\/wp\/v2\/comments?post=15193"}],"wp:featuredmedia":[{"embeddable":true,"href":"https:\/\/www.avmbianco.com.br\/site\/wp-json\/wp\/v2\/media\/15196"}],"wp:attachment":[{"href":"https:\/\/www.avmbianco.com.br\/site\/wp-json\/wp\/v2\/media?parent=15193"}],"wp:term":[{"taxonomy":"product_brand","embeddable":true,"href":"https:\/\/www.avmbianco.com.br\/site\/wp-json\/wp\/v2\/product_brand?post=15193"},{"taxonomy":"product_cat","embeddable":true,"href":"https:\/\/www.avmbianco.com.br\/site\/wp-json\/wp\/v2\/product_cat?post=15193"},{"taxonomy":"product_tag","embeddable":true,"href":"https:\/\/www.avmbianco.com.br\/site\/wp-json\/wp\/v2\/product_tag?post=15193"}],"curies":[{"name":"wp","href":"https:\/\/api.w.org\/{rel}","templated":true}]}}