{"id":15199,"date":"2023-06-21T11:48:34","date_gmt":"2023-06-21T14:48:34","guid":{"rendered":"https:\/\/www.avmbianco.com.br\/site\/?post_type=product&#038;p=15199"},"modified":"2025-06-25T14:25:56","modified_gmt":"2025-06-25T17:25:56","slug":"tesoura-alfaiate-490","status":"publish","type":"product","link":"https:\/\/www.avmbianco.com.br\/site\/produto\/tesoura-alfaiate-490\/","title":{"rendered":"Tesoura Alfaiate 490"},"content":{"rendered":"","protected":false},"excerpt":{"rendered":"<p dir=\"ltr\">O modelo<strong> alfaiate da Mundial 490-10 e 12 <\/strong>possui\u00a0<strong>l\u00e2minas afiadas<\/strong>\u00a0com fio liso, al\u00e9m de\u00a0<strong>parafuso e porca saliente<\/strong> para facilitar o ajuste e refina\u00e7\u00f5es! Seu cabo \u00e9\u00a0<strong>ergon\u00f4mico<\/strong>\u00a0pintado de preto com\u00a0<strong>acabamento niquelado<\/strong>\u00a0e\u00a0<strong>base reta para melhor deslizamento<\/strong>. Uma pe\u00e7a de alta durabilidade e que ser\u00e1 sua parceira de muitos trabalhos realizados!<\/p>\n<p dir=\"ltr\">Tesoura de 10 e 12 polegadas.<\/p>\n<p dir=\"ltr\">A<strong>\u00a0linha de tesouras profissionais Mundial \u00e9 a mais completa do mercado<\/strong>, abrangendo desde a tradicional tesoura de corte e costura at\u00e9 as de artesanato. Todas as tesouras s\u00e3o\u00a0<strong>forjadas, temperadas e niqueladas<\/strong>, garantindo maior vida e um corte perfeito.<\/p>\n","protected":false},"featured_media":15202,"comment_status":"open","ping_status":"closed","template":"","meta":[],"product_brand":[],"product_cat":[123],"product_tag":[],"class_list":{"0":"post-15199","1":"product","2":"type-product","3":"status-publish","4":"has-post-thumbnail","6":"product_cat-tesouras","8":"first","9":"instock","10":"taxable","11":"shipping-taxable","12":"purchasable","13":"product-type-variable"},"_links":{"self":[{"href":"https:\/\/www.avmbianco.com.br\/site\/wp-json\/wp\/v2\/product\/15199","targetHints":{"allow":["GET"]}}],"collection":[{"href":"https:\/\/www.avmbianco.com.br\/site\/wp-json\/wp\/v2\/product"}],"about":[{"href":"https:\/\/www.avmbianco.com.br\/site\/wp-json\/wp\/v2\/types\/product"}],"replies":[{"embeddable":true,"href":"https:\/\/www.avmbianco.com.br\/site\/wp-json\/wp\/v2\/comments?post=15199"}],"wp:featuredmedia":[{"embeddable":true,"href":"https:\/\/www.avmbianco.com.br\/site\/wp-json\/wp\/v2\/media\/15202"}],"wp:attachment":[{"href":"https:\/\/www.avmbianco.com.br\/site\/wp-json\/wp\/v2\/media?parent=15199"}],"wp:term":[{"taxonomy":"product_brand","embeddable":true,"href":"https:\/\/www.avmbianco.com.br\/site\/wp-json\/wp\/v2\/product_brand?post=15199"},{"taxonomy":"product_cat","embeddable":true,"href":"https:\/\/www.avmbianco.com.br\/site\/wp-json\/wp\/v2\/product_cat?post=15199"},{"taxonomy":"product_tag","embeddable":true,"href":"https:\/\/www.avmbianco.com.br\/site\/wp-json\/wp\/v2\/product_tag?post=15199"}],"curies":[{"name":"wp","href":"https:\/\/api.w.org\/{rel}","templated":true}]}}