{"id":15229,"date":"2023-08-29T10:57:09","date_gmt":"2023-08-29T13:57:09","guid":{"rendered":"https:\/\/www.avmbianco.com.br\/site\/?post_type=product&#038;p=15229"},"modified":"2025-06-25T14:20:08","modified_gmt":"2025-06-25T17:20:08","slug":"fecho-p-544-ritas","status":"publish","type":"product","link":"https:\/\/www.avmbianco.com.br\/site\/produto\/fecho-p-544-ritas\/","title":{"rendered":"Fecho Sim\u00e9trico 544 Ritas"},"content":{"rendered":"<p>Altura da al\u00e7a: 18mm<br class=\"wixui-rich-text__text\" \/>Largura da al\u00e7a: 2,8mm<\/p>\n","protected":false},"excerpt":{"rendered":"<p>A pe\u00e7a especialmente desenvolvida para biqu\u00edni, \u00e9 focada na resist\u00eancia, feita em pl\u00e1stico de engenharia que proporciona alta durabilidade para suportar as intemp\u00e9ries do ambiente praiano no Brasil e em outros lugares do mundo.<\/p>\n","protected":false},"featured_media":15225,"comment_status":"open","ping_status":"closed","template":"","meta":[],"product_brand":[],"product_cat":[23],"product_tag":[],"class_list":{"0":"post-15229","1":"product","2":"type-product","3":"status-publish","4":"has-post-thumbnail","6":"product_cat-acessorios","8":"first","9":"outofstock","10":"taxable","11":"shipping-taxable","12":"purchasable","13":"product-type-variable"},"_links":{"self":[{"href":"https:\/\/www.avmbianco.com.br\/site\/wp-json\/wp\/v2\/product\/15229","targetHints":{"allow":["GET"]}}],"collection":[{"href":"https:\/\/www.avmbianco.com.br\/site\/wp-json\/wp\/v2\/product"}],"about":[{"href":"https:\/\/www.avmbianco.com.br\/site\/wp-json\/wp\/v2\/types\/product"}],"replies":[{"embeddable":true,"href":"https:\/\/www.avmbianco.com.br\/site\/wp-json\/wp\/v2\/comments?post=15229"}],"wp:featuredmedia":[{"embeddable":true,"href":"https:\/\/www.avmbianco.com.br\/site\/wp-json\/wp\/v2\/media\/15225"}],"wp:attachment":[{"href":"https:\/\/www.avmbianco.com.br\/site\/wp-json\/wp\/v2\/media?parent=15229"}],"wp:term":[{"taxonomy":"product_brand","embeddable":true,"href":"https:\/\/www.avmbianco.com.br\/site\/wp-json\/wp\/v2\/product_brand?post=15229"},{"taxonomy":"product_cat","embeddable":true,"href":"https:\/\/www.avmbianco.com.br\/site\/wp-json\/wp\/v2\/product_cat?post=15229"},{"taxonomy":"product_tag","embeddable":true,"href":"https:\/\/www.avmbianco.com.br\/site\/wp-json\/wp\/v2\/product_tag?post=15229"}],"curies":[{"name":"wp","href":"https:\/\/api.w.org\/{rel}","templated":true}]}}