{"id":15236,"date":"2023-08-29T12:56:26","date_gmt":"2023-08-29T15:56:26","guid":{"rendered":"https:\/\/www.avmbianco.com.br\/site\/?post_type=product&#038;p=15236"},"modified":"2025-06-25T14:16:10","modified_gmt":"2025-06-25T17:16:10","slug":"cordao-trancado-de-algodao-preto-3048-6mm","status":"publish","type":"product","link":"https:\/\/www.avmbianco.com.br\/site\/produto\/cordao-trancado-de-algodao-preto-3048-6mm\/","title":{"rendered":"Cord\u00e3o Tran\u00e7ado de Algod\u00e3o Preto 3048 6mm"},"content":{"rendered":"<p><img decoding=\"async\" src=\"https:\/\/www.armarinhosaojose.com.br\/octopus\/design\/images\/94\/products\/o\/detalhe-cordao-trancado-sjose-preto-3048-6mm-20mt.jpg\" \/><\/p>\n","protected":false},"excerpt":{"rendered":"<p>Cord\u00e3o Tran\u00e7ado S\u00e3o Jos\u00e9 Preto<br \/>\nCont\u00e9m: 1 rolo com 20 metros<br \/>\nLargura: 6mm<br \/>\nComposi\u00e7\u00e3o: 100% Algod\u00e3o<\/p>\n<p>Cord\u00e3o para trabalhos de artesanatos como suportes pendentes de vasos em macram\u00ea, bolsas, tric\u00f4, croch\u00ea, tapetes e etc&#8230;<\/p>\n<p>Fabricante: El\u00e1sticos S\u00e3o Jos\u00e9<\/p>\n","protected":false},"featured_media":15237,"comment_status":"open","ping_status":"closed","template":"","meta":[],"product_brand":[],"product_cat":[179],"product_tag":[],"class_list":{"0":"post-15236","1":"product","2":"type-product","3":"status-publish","4":"has-post-thumbnail","6":"product_cat-cordao","8":"first","9":"instock","10":"taxable","11":"shipping-taxable","12":"purchasable","13":"product-type-simple"},"_links":{"self":[{"href":"https:\/\/www.avmbianco.com.br\/site\/wp-json\/wp\/v2\/product\/15236","targetHints":{"allow":["GET"]}}],"collection":[{"href":"https:\/\/www.avmbianco.com.br\/site\/wp-json\/wp\/v2\/product"}],"about":[{"href":"https:\/\/www.avmbianco.com.br\/site\/wp-json\/wp\/v2\/types\/product"}],"replies":[{"embeddable":true,"href":"https:\/\/www.avmbianco.com.br\/site\/wp-json\/wp\/v2\/comments?post=15236"}],"wp:featuredmedia":[{"embeddable":true,"href":"https:\/\/www.avmbianco.com.br\/site\/wp-json\/wp\/v2\/media\/15237"}],"wp:attachment":[{"href":"https:\/\/www.avmbianco.com.br\/site\/wp-json\/wp\/v2\/media?parent=15236"}],"wp:term":[{"taxonomy":"product_brand","embeddable":true,"href":"https:\/\/www.avmbianco.com.br\/site\/wp-json\/wp\/v2\/product_brand?post=15236"},{"taxonomy":"product_cat","embeddable":true,"href":"https:\/\/www.avmbianco.com.br\/site\/wp-json\/wp\/v2\/product_cat?post=15236"},{"taxonomy":"product_tag","embeddable":true,"href":"https:\/\/www.avmbianco.com.br\/site\/wp-json\/wp\/v2\/product_tag?post=15236"}],"curies":[{"name":"wp","href":"https:\/\/api.w.org\/{rel}","templated":true}]}}