{"id":15240,"date":"2023-08-29T15:46:40","date_gmt":"2023-08-29T18:46:40","guid":{"rendered":"https:\/\/www.avmbianco.com.br\/site\/?post_type=product&#038;p=15240"},"modified":"2025-11-07T07:56:01","modified_gmt":"2025-11-07T10:56:01","slug":"colchete-de-pressao-plastico","status":"publish","type":"product","link":"https:\/\/www.avmbianco.com.br\/site\/produto\/colchete-de-pressao-plastico\/","title":{"rendered":"Colchete de Press\u00e3o Pl\u00e1stico Transp."},"content":{"rendered":"","protected":false},"excerpt":{"rendered":"<p>O Colchete de Press\u00e3o \u00e9 um acess\u00f3rio de alta qualidade, delicado e ideal para acabamentos eficazes de pe\u00e7as artesanais variadas. Esse item \u00e9 um excelente substituto de bot\u00f5es e contribui para o acabamento de pe\u00e7as de moda, acess\u00f3rios e costura criativa de forma eficiente e pr\u00e1tica. Aplique os Colchetes de Press\u00e3o a seus trabalhos facilmente por meio de costura e n\u00e3o sofra mais com imprevistos de bot\u00f5es que abrem acidentalmente.<\/p>\n<p>Composi\u00e7\u00e3o: 100% Pl\u00e1stico<\/p>\n","protected":false},"featured_media":17823,"comment_status":"open","ping_status":"closed","template":"","meta":[],"product_brand":[],"product_cat":[76,211],"product_tag":[],"class_list":{"0":"post-15240","1":"product","2":"type-product","3":"status-publish","4":"has-post-thumbnail","6":"product_cat-colchete","7":"product_cat-pressao","9":"first","10":"instock","11":"taxable","12":"shipping-taxable","13":"purchasable","14":"product-type-variable"},"_links":{"self":[{"href":"https:\/\/www.avmbianco.com.br\/site\/wp-json\/wp\/v2\/product\/15240","targetHints":{"allow":["GET"]}}],"collection":[{"href":"https:\/\/www.avmbianco.com.br\/site\/wp-json\/wp\/v2\/product"}],"about":[{"href":"https:\/\/www.avmbianco.com.br\/site\/wp-json\/wp\/v2\/types\/product"}],"replies":[{"embeddable":true,"href":"https:\/\/www.avmbianco.com.br\/site\/wp-json\/wp\/v2\/comments?post=15240"}],"wp:featuredmedia":[{"embeddable":true,"href":"https:\/\/www.avmbianco.com.br\/site\/wp-json\/wp\/v2\/media\/17823"}],"wp:attachment":[{"href":"https:\/\/www.avmbianco.com.br\/site\/wp-json\/wp\/v2\/media?parent=15240"}],"wp:term":[{"taxonomy":"product_brand","embeddable":true,"href":"https:\/\/www.avmbianco.com.br\/site\/wp-json\/wp\/v2\/product_brand?post=15240"},{"taxonomy":"product_cat","embeddable":true,"href":"https:\/\/www.avmbianco.com.br\/site\/wp-json\/wp\/v2\/product_cat?post=15240"},{"taxonomy":"product_tag","embeddable":true,"href":"https:\/\/www.avmbianco.com.br\/site\/wp-json\/wp\/v2\/product_tag?post=15240"}],"curies":[{"name":"wp","href":"https:\/\/api.w.org\/{rel}","templated":true}]}}