{"id":15413,"date":"2023-11-17T15:47:43","date_gmt":"2023-11-17T18:47:43","guid":{"rendered":"https:\/\/www.avmbianco.com.br\/site\/?post_type=product&#038;p=15413"},"modified":"2025-06-25T12:10:31","modified_gmt":"2025-06-25T15:10:31","slug":"mosquetao-grande","status":"publish","type":"product","link":"https:\/\/www.avmbianco.com.br\/site\/produto\/mosquetao-grande\/","title":{"rendered":"Mosquet\u00e3o Grande"},"content":{"rendered":"<p><img decoding=\"async\" src=\"https:\/\/www.circulo.com.br\/storage\/produtos\/62a39832902bb26041162a39832902c7.jpg\" alt=\"Mosquet\u00e3o Grande\" \/><\/p>\n","protected":false},"excerpt":{"rendered":"<p>O Mosquet\u00e3o Grande \u00e9 perfeito para agregar maior eleg\u00e2ncia e modernidade a sua bolsa handmade. Al\u00e9m de garantir seguran\u00e7a, qualidade e autenticidade ao design da pe\u00e7a. Uma \u00f3tima op\u00e7\u00e3o para prender uma al\u00e7a ou inserir um lindo chaveiro no acabamento. Na C\u00edrculo, o Mosquet\u00e3o Grande est\u00e1 dispon\u00edvel em 1 tamanho e em 3 cores diferentes: Dourado, Prata e Preto.<\/p>\n<p>Tamanho 83x33mm<\/p>\n<p>Contem 6p\u00e7<\/p>\n","protected":false},"featured_media":15397,"comment_status":"open","ping_status":"closed","template":"","meta":[],"product_brand":[],"product_cat":[23],"product_tag":[],"class_list":{"0":"post-15413","1":"product","2":"type-product","3":"status-publish","4":"has-post-thumbnail","6":"product_cat-acessorios","8":"first","9":"instock","10":"taxable","11":"shipping-taxable","12":"purchasable","13":"product-type-variable"},"_links":{"self":[{"href":"https:\/\/www.avmbianco.com.br\/site\/wp-json\/wp\/v2\/product\/15413","targetHints":{"allow":["GET"]}}],"collection":[{"href":"https:\/\/www.avmbianco.com.br\/site\/wp-json\/wp\/v2\/product"}],"about":[{"href":"https:\/\/www.avmbianco.com.br\/site\/wp-json\/wp\/v2\/types\/product"}],"replies":[{"embeddable":true,"href":"https:\/\/www.avmbianco.com.br\/site\/wp-json\/wp\/v2\/comments?post=15413"}],"wp:featuredmedia":[{"embeddable":true,"href":"https:\/\/www.avmbianco.com.br\/site\/wp-json\/wp\/v2\/media\/15397"}],"wp:attachment":[{"href":"https:\/\/www.avmbianco.com.br\/site\/wp-json\/wp\/v2\/media?parent=15413"}],"wp:term":[{"taxonomy":"product_brand","embeddable":true,"href":"https:\/\/www.avmbianco.com.br\/site\/wp-json\/wp\/v2\/product_brand?post=15413"},{"taxonomy":"product_cat","embeddable":true,"href":"https:\/\/www.avmbianco.com.br\/site\/wp-json\/wp\/v2\/product_cat?post=15413"},{"taxonomy":"product_tag","embeddable":true,"href":"https:\/\/www.avmbianco.com.br\/site\/wp-json\/wp\/v2\/product_tag?post=15413"}],"curies":[{"name":"wp","href":"https:\/\/api.w.org\/{rel}","templated":true}]}}