{"id":15493,"date":"2023-12-20T12:38:58","date_gmt":"2023-12-20T15:38:58","guid":{"rendered":"https:\/\/www.avmbianco.com.br\/site\/?post_type=product&#038;p=15493"},"modified":"2025-06-26T15:50:09","modified_gmt":"2025-06-26T18:50:09","slug":"fita-crepe-tk","status":"publish","type":"product","link":"https:\/\/www.avmbianco.com.br\/site\/produto\/fita-crepe-tk\/","title":{"rendered":"Fita Crepe TK"},"content":{"rendered":"<h3>Descri\u00e7\u00e3o<\/h3>\n<h4>Caracter\u00edsticas:<\/h4>\n<p>Fita de papel crepado resistente ao sol e \u00e0 umidade, de f\u00e1cil remo\u00e7\u00e3o em at\u00e9 24h. Ideal para trabalhos de pintura, manuten\u00e7\u00e3o e acabamento.<\/p>\n<p>&nbsp;<\/p>\n<h4>Modo de Usar:<\/h4>\n<p>1. Limpe bem as superf\u00edcies, isentando-as de sujeira e oleosidade.<\/p>\n<p>2. Aplique a fita crepe Tekbond no local desejado, cortando no tamanho desejado.<\/p>\n<p>&nbsp;<\/p>\n<h4>Composi\u00e7\u00e3o:<\/h4>\n<p>Papel crepado tratado e resina de borracha.<\/p>\n","protected":false},"excerpt":{"rendered":"<p>Fita de papel crepado de f\u00e1cil remo\u00e7\u00e3o em at\u00e9 24h. Ideal para trabalhos de pintura, manuten\u00e7\u00e3o e acabamento.<\/p>\n<p>48mm x 50mt<\/p>\n<p>24mm x 50mt<\/p>\n","protected":false},"featured_media":15496,"comment_status":"open","ping_status":"closed","template":"","meta":[],"product_brand":[],"product_cat":[1861],"product_tag":[],"class_list":{"0":"post-15493","1":"product","2":"type-product","3":"status-publish","4":"has-post-thumbnail","6":"product_cat-crepe","7":"pa_largura-24-mm","8":"pa_largura-48-mm","10":"first","11":"outofstock","12":"taxable","13":"shipping-taxable","14":"purchasable","15":"product-type-variable"},"_links":{"self":[{"href":"https:\/\/www.avmbianco.com.br\/site\/wp-json\/wp\/v2\/product\/15493","targetHints":{"allow":["GET"]}}],"collection":[{"href":"https:\/\/www.avmbianco.com.br\/site\/wp-json\/wp\/v2\/product"}],"about":[{"href":"https:\/\/www.avmbianco.com.br\/site\/wp-json\/wp\/v2\/types\/product"}],"replies":[{"embeddable":true,"href":"https:\/\/www.avmbianco.com.br\/site\/wp-json\/wp\/v2\/comments?post=15493"}],"wp:featuredmedia":[{"embeddable":true,"href":"https:\/\/www.avmbianco.com.br\/site\/wp-json\/wp\/v2\/media\/15496"}],"wp:attachment":[{"href":"https:\/\/www.avmbianco.com.br\/site\/wp-json\/wp\/v2\/media?parent=15493"}],"wp:term":[{"taxonomy":"product_brand","embeddable":true,"href":"https:\/\/www.avmbianco.com.br\/site\/wp-json\/wp\/v2\/product_brand?post=15493"},{"taxonomy":"product_cat","embeddable":true,"href":"https:\/\/www.avmbianco.com.br\/site\/wp-json\/wp\/v2\/product_cat?post=15493"},{"taxonomy":"product_tag","embeddable":true,"href":"https:\/\/www.avmbianco.com.br\/site\/wp-json\/wp\/v2\/product_tag?post=15493"}],"curies":[{"name":"wp","href":"https:\/\/api.w.org\/{rel}","templated":true}]}}