{"id":15506,"date":"2024-01-11T10:07:21","date_gmt":"2024-01-11T13:07:21","guid":{"rendered":"https:\/\/www.avmbianco.com.br\/site\/?post_type=product&#038;p=15506"},"modified":"2025-06-26T15:35:15","modified_gmt":"2025-06-26T18:35:15","slug":"colchete-de-pressao-no3","status":"publish","type":"product","link":"https:\/\/www.avmbianco.com.br\/site\/produto\/colchete-de-pressao-no3\/","title":{"rendered":"Colchete De Press\u00e3o N\u00ba3"},"content":{"rendered":"","protected":false},"excerpt":{"rendered":"<p>Colchete de Press\u00e3o Ideal para fechamento de vestidos, cal\u00e7as, blusas, roupas infantis entre outras aplica\u00e7\u00f5es.<\/p>\n<p>Colchete press\u00e3o n\u00ba3 (14mm)<\/p>\n<p>Caixa com 6 e Cartelas com 24un.<\/p>\n<p>144p\u00e7 em uma caixa.<\/p>\n<p>&nbsp;<\/p>\n","protected":false},"featured_media":17835,"comment_status":"open","ping_status":"closed","template":"","meta":[],"product_brand":[],"product_cat":[76,211],"product_tag":[],"class_list":{"0":"post-15506","1":"product","2":"type-product","3":"status-publish","4":"has-post-thumbnail","6":"product_cat-colchete","7":"product_cat-pressao","9":"first","10":"instock","11":"taxable","12":"shipping-taxable","13":"purchasable","14":"product-type-variable"},"_links":{"self":[{"href":"https:\/\/www.avmbianco.com.br\/site\/wp-json\/wp\/v2\/product\/15506","targetHints":{"allow":["GET"]}}],"collection":[{"href":"https:\/\/www.avmbianco.com.br\/site\/wp-json\/wp\/v2\/product"}],"about":[{"href":"https:\/\/www.avmbianco.com.br\/site\/wp-json\/wp\/v2\/types\/product"}],"replies":[{"embeddable":true,"href":"https:\/\/www.avmbianco.com.br\/site\/wp-json\/wp\/v2\/comments?post=15506"}],"wp:featuredmedia":[{"embeddable":true,"href":"https:\/\/www.avmbianco.com.br\/site\/wp-json\/wp\/v2\/media\/17835"}],"wp:attachment":[{"href":"https:\/\/www.avmbianco.com.br\/site\/wp-json\/wp\/v2\/media?parent=15506"}],"wp:term":[{"taxonomy":"product_brand","embeddable":true,"href":"https:\/\/www.avmbianco.com.br\/site\/wp-json\/wp\/v2\/product_brand?post=15506"},{"taxonomy":"product_cat","embeddable":true,"href":"https:\/\/www.avmbianco.com.br\/site\/wp-json\/wp\/v2\/product_cat?post=15506"},{"taxonomy":"product_tag","embeddable":true,"href":"https:\/\/www.avmbianco.com.br\/site\/wp-json\/wp\/v2\/product_tag?post=15506"}],"curies":[{"name":"wp","href":"https:\/\/api.w.org\/{rel}","templated":true}]}}