{"id":15507,"date":"2024-01-16T15:17:32","date_gmt":"2024-01-16T18:17:32","guid":{"rendered":"https:\/\/www.avmbianco.com.br\/site\/?post_type=product&#038;p=15507"},"modified":"2025-06-26T12:00:18","modified_gmt":"2025-06-26T15:00:18","slug":"regua-curva-francesa-2","status":"publish","type":"product","link":"https:\/\/www.avmbianco.com.br\/site\/produto\/regua-curva-francesa-2\/","title":{"rendered":"R\u00e9gua Curva Francesa"},"content":{"rendered":"","protected":false},"excerpt":{"rendered":"<p>A regua curva francesa \u00e9 uma esp\u00e9cie de molde, formado por diversas curvas em diferentes raios. Gra\u00e7as \u00e0 sua curvatura a r\u00e9gua francesa permite ao usu\u00e1rio tra\u00e7ar e ligar curvas diversas de maneira encaixada e harm\u00f4nica, sem a necessidade de realizar c\u00e1lculos ou aplicar f\u00f3rmulas matem\u00e1ticas. Contudo a curva francesa \u00e9 mais utilizada na modelagem de roupas, auxiliando o desenho manual e promovendo maior agilidade na cria\u00e7\u00e3o de modelos e novas pe\u00e7as, tambem \u00e9 utilizada na modelagem.<\/p>\n","protected":false},"featured_media":15514,"comment_status":"open","ping_status":"closed","template":"","meta":[],"product_brand":[],"product_cat":[65],"product_tag":[],"class_list":{"0":"post-15507","1":"product","2":"type-product","3":"status-publish","4":"has-post-thumbnail","6":"product_cat-acessorio-regua","8":"first","9":"instock","10":"taxable","11":"shipping-taxable","12":"purchasable","13":"product-type-variable"},"_links":{"self":[{"href":"https:\/\/www.avmbianco.com.br\/site\/wp-json\/wp\/v2\/product\/15507","targetHints":{"allow":["GET"]}}],"collection":[{"href":"https:\/\/www.avmbianco.com.br\/site\/wp-json\/wp\/v2\/product"}],"about":[{"href":"https:\/\/www.avmbianco.com.br\/site\/wp-json\/wp\/v2\/types\/product"}],"replies":[{"embeddable":true,"href":"https:\/\/www.avmbianco.com.br\/site\/wp-json\/wp\/v2\/comments?post=15507"}],"wp:featuredmedia":[{"embeddable":true,"href":"https:\/\/www.avmbianco.com.br\/site\/wp-json\/wp\/v2\/media\/15514"}],"wp:attachment":[{"href":"https:\/\/www.avmbianco.com.br\/site\/wp-json\/wp\/v2\/media?parent=15507"}],"wp:term":[{"taxonomy":"product_brand","embeddable":true,"href":"https:\/\/www.avmbianco.com.br\/site\/wp-json\/wp\/v2\/product_brand?post=15507"},{"taxonomy":"product_cat","embeddable":true,"href":"https:\/\/www.avmbianco.com.br\/site\/wp-json\/wp\/v2\/product_cat?post=15507"},{"taxonomy":"product_tag","embeddable":true,"href":"https:\/\/www.avmbianco.com.br\/site\/wp-json\/wp\/v2\/product_tag?post=15507"}],"curies":[{"name":"wp","href":"https:\/\/api.w.org\/{rel}","templated":true}]}}