{"id":15521,"date":"2024-01-16T15:33:32","date_gmt":"2024-01-16T18:33:32","guid":{"rendered":"https:\/\/www.avmbianco.com.br\/site\/?post_type=product&#038;p=15521"},"modified":"2025-06-26T11:35:27","modified_gmt":"2025-06-26T14:35:27","slug":"regua-aco-inox","status":"publish","type":"product","link":"https:\/\/www.avmbianco.com.br\/site\/produto\/regua-aco-inox\/","title":{"rendered":"R\u00e9gua A\u00e7o Inox"},"content":{"rendered":"","protected":false},"excerpt":{"rendered":"<p>A R\u00e9gua de A\u00e7o Inox \u00e9 de \u00f3tima qualidade. Perfeita para auxiliar em seus trabalhos artesanais, patchwork, scrapbook e costura. Al\u00e9m da marca\u00e7\u00e3o em cent\u00edmetros, tamb\u00e9m possui marca\u00e7\u00e3o em polegadas.<\/p>\n<p>100% A\u00e7o<\/p>\n","protected":false},"featured_media":15527,"comment_status":"open","ping_status":"closed","template":"","meta":[],"product_brand":[],"product_cat":[65],"product_tag":[],"class_list":{"0":"post-15521","1":"product","2":"type-product","3":"status-publish","4":"has-post-thumbnail","6":"product_cat-acessorio-regua","8":"first","9":"instock","10":"taxable","11":"shipping-taxable","12":"purchasable","13":"product-type-variable"},"_links":{"self":[{"href":"https:\/\/www.avmbianco.com.br\/site\/wp-json\/wp\/v2\/product\/15521","targetHints":{"allow":["GET"]}}],"collection":[{"href":"https:\/\/www.avmbianco.com.br\/site\/wp-json\/wp\/v2\/product"}],"about":[{"href":"https:\/\/www.avmbianco.com.br\/site\/wp-json\/wp\/v2\/types\/product"}],"replies":[{"embeddable":true,"href":"https:\/\/www.avmbianco.com.br\/site\/wp-json\/wp\/v2\/comments?post=15521"}],"wp:featuredmedia":[{"embeddable":true,"href":"https:\/\/www.avmbianco.com.br\/site\/wp-json\/wp\/v2\/media\/15527"}],"wp:attachment":[{"href":"https:\/\/www.avmbianco.com.br\/site\/wp-json\/wp\/v2\/media?parent=15521"}],"wp:term":[{"taxonomy":"product_brand","embeddable":true,"href":"https:\/\/www.avmbianco.com.br\/site\/wp-json\/wp\/v2\/product_brand?post=15521"},{"taxonomy":"product_cat","embeddable":true,"href":"https:\/\/www.avmbianco.com.br\/site\/wp-json\/wp\/v2\/product_cat?post=15521"},{"taxonomy":"product_tag","embeddable":true,"href":"https:\/\/www.avmbianco.com.br\/site\/wp-json\/wp\/v2\/product_tag?post=15521"}],"curies":[{"name":"wp","href":"https:\/\/api.w.org\/{rel}","templated":true}]}}