{"id":15567,"date":"2024-01-17T11:44:44","date_gmt":"2024-01-17T14:44:44","guid":{"rendered":"https:\/\/www.avmbianco.com.br\/site\/?post_type=product&#038;p=15567"},"modified":"2025-06-26T10:51:52","modified_gmt":"2025-06-26T13:51:52","slug":"regua-gabarito-curvas","status":"publish","type":"product","link":"https:\/\/www.avmbianco.com.br\/site\/produto\/regua-gabarito-curvas\/","title":{"rendered":"R\u00e9gua Gabarito Curvas"},"content":{"rendered":"<p>A r\u00e9gua gabarito curva quadrado caixa leite canto mitrado de 20cm \u00e9 uma ferramenta vers\u00e1til para quem precisa de precis\u00e3o e praticidade em suas medi\u00e7\u00f5es e tra\u00e7ados. Com design inovador, esta r\u00e9gua possui curvas suaves e quadrados precisos, al\u00e9m de um canto mitrado que facilita a marca\u00e7\u00e3o de \u00e2ngulos de 45 graus.<\/p>\n<p>Feita com acr\u00edlico de alta qualidade, esta r\u00e9gua \u00e9 resistente e dur\u00e1vel, garantindo um uso prolongado e eficiente.<\/p>\n","protected":false},"excerpt":{"rendered":"<p>Ideal para uso em trabalhos de costura e\u00a0artesanato e muitas outras atividades que demandam precis\u00e3o e facilidade no tra\u00e7ado de linhas e \u00e2ngulos. Com a r\u00e9gua gabarito curva quadrado caixa leite canto mitrado de 20cm, voc\u00ea ter\u00e1 em suas m\u00e3os uma ferramenta de alta qualidade e versatilidade, que tornar\u00e1 seus projetos ainda mais precisos e profissionais.<\/p>\n<p>PW40<\/p>\n","protected":false},"featured_media":15568,"comment_status":"open","ping_status":"closed","template":"","meta":[],"product_brand":[],"product_cat":[65],"product_tag":[],"class_list":{"0":"post-15567","1":"product","2":"type-product","3":"status-publish","4":"has-post-thumbnail","6":"product_cat-acessorio-regua","8":"first","9":"outofstock","10":"taxable","11":"shipping-taxable","12":"purchasable","13":"product-type-simple"},"_links":{"self":[{"href":"https:\/\/www.avmbianco.com.br\/site\/wp-json\/wp\/v2\/product\/15567","targetHints":{"allow":["GET"]}}],"collection":[{"href":"https:\/\/www.avmbianco.com.br\/site\/wp-json\/wp\/v2\/product"}],"about":[{"href":"https:\/\/www.avmbianco.com.br\/site\/wp-json\/wp\/v2\/types\/product"}],"replies":[{"embeddable":true,"href":"https:\/\/www.avmbianco.com.br\/site\/wp-json\/wp\/v2\/comments?post=15567"}],"wp:featuredmedia":[{"embeddable":true,"href":"https:\/\/www.avmbianco.com.br\/site\/wp-json\/wp\/v2\/media\/15568"}],"wp:attachment":[{"href":"https:\/\/www.avmbianco.com.br\/site\/wp-json\/wp\/v2\/media?parent=15567"}],"wp:term":[{"taxonomy":"product_brand","embeddable":true,"href":"https:\/\/www.avmbianco.com.br\/site\/wp-json\/wp\/v2\/product_brand?post=15567"},{"taxonomy":"product_cat","embeddable":true,"href":"https:\/\/www.avmbianco.com.br\/site\/wp-json\/wp\/v2\/product_cat?post=15567"},{"taxonomy":"product_tag","embeddable":true,"href":"https:\/\/www.avmbianco.com.br\/site\/wp-json\/wp\/v2\/product_tag?post=15567"}],"curies":[{"name":"wp","href":"https:\/\/api.w.org\/{rel}","templated":true}]}}