{"id":15597,"date":"2024-01-17T12:50:32","date_gmt":"2024-01-17T15:50:32","guid":{"rendered":"https:\/\/www.avmbianco.com.br\/site\/?post_type=product&#038;p=15597"},"modified":"2025-02-19T11:40:38","modified_gmt":"2025-02-19T14:40:38","slug":"kit-regua-encadernacao","status":"publish","type":"product","link":"https:\/\/www.avmbianco.com.br\/site\/produto\/kit-regua-encadernacao\/","title":{"rendered":"Kit R\u00e9gua Encaderna\u00e7\u00e3o"},"content":{"rendered":"","protected":false},"excerpt":{"rendered":"<div class=\"vtex-flex-layout-0-x-flexRow vtex-flex-layout-0-x-flexRow--productDescription--pdp\">\n<div class=\"flex mt0 mb7 pt0 pb0 justify-start vtex-flex-layout-0-x-flexRowContent vtex-flex-layout-0-x-flexRowContent--productDescription--pdp items-stretch w-100\">\n<div class=\"pr0 items-stretch vtex-flex-layout-0-x-stretchChildrenWidth flex\">\n<div class=\"vtex-store-components-3-x-productDescriptionContainer\">\n<div class=\"vtex-store-components-3-x-productDescriptionText c-muted-1\">\n<div class=\"vtex-store-components-3-x-container relative\">\n<div class=\"vtex-store-components-3-x-content h-auto\">O Kit para Encaderna\u00e7\u00e3o de Acr\u00edlico \u00e9 um gabarito para artesanatos, costuras, modelagens, cortes de tecidos e muito mais.<\/div>\n<div class=\"vtex-store-components-3-x-content h-auto\">Contem 7 pe\u00e7as em acr\u00edlico, suas produ\u00e7\u00f5es contar\u00e1 com \u00f3timas r\u00e9guas, proporcionando assim um trabalho de qualidade. Tamanho das r\u00e9guas: 5mm, 6mm, 8mm,10mm,12mm,15mm e 20mm.<\/div>\n<\/div>\n<\/div>\n<\/div>\n<\/div>\n<\/div>\n<\/div>\n<div class=\"vtex-flex-layout-0-x-flexRow vtex-flex-layout-0-x-flexRow--specificationsTitle--pdp\">\n<div class=\"flex mt0 mb0 pt0 pb0 justify-start vtex-flex-layout-0-x-flexRowContent vtex-flex-layout-0-x-flexRowContent--specificationsTitle--pdp items-stretch w-100\">\n<div class=\"pr0 items-stretch vtex-flex-layout-0-x-stretchChildrenWidth flex\">\n<div class=\"vtex-rich-text-0-x-container vtex-rich-text-0-x-container--specificationsTitle--pdp flex tl items-start justify-start t-body c-on-base\">\n<div class=\"vtex-rich-text-0-x-wrapper vtex-rich-text-0-x-wrapper--specificationsTitle--pdp\">\n<h5 class=\"vtex-rich-text-0-x-heading vtex-rich-text-0-x-heading--specificationsTitle--pdp t-heading-5 vtex-rich-text-0-x-headingLevel5 vtex-rich-text-0-x-headingLevel5--specificationsTitle--pdp vtex-rich-text-0-x-heading-level-5\">CARACTER\u00cdSTICAS DO PRODUTO<\/h5>\n<\/div>\n<\/div>\n<\/div>\n<\/div>\n<\/div>\n<div class=\"vtex-flex-layout-0-x-flexRow vtex-flex-layout-0-x-flexRow--specifications--core\">\n<div class=\"flex mt0 mb0 pt0 pb0 justify-start vtex-flex-layout-0-x-flexRowContent vtex-flex-layout-0-x-flexRowContent--specifications--core items-stretch w-100\">\n<div class=\"pr0 items-stretch vtex-flex-layout-0-x-stretchChildrenWidth flex\">\n<p class=\"maluli-maluliapp-0-x-specBox\">Marca:Luli<br \/>\nComposi\u00e7\u00e3o: 100% Acr\u00edlico (espessura de 2mm)<br \/>\nUnidade de Venda: Kit com 7 r\u00e9guas.<\/p>\n<\/div>\n<\/div>\n<\/div>\n","protected":false},"featured_media":15598,"comment_status":"open","ping_status":"closed","template":"","meta":[],"product_brand":[],"product_cat":[65],"product_tag":[],"class_list":{"0":"post-15597","1":"product","2":"type-product","3":"status-publish","4":"has-post-thumbnail","6":"product_cat-acessorio-regua","8":"first","9":"outofstock","10":"taxable","11":"shipping-taxable","12":"purchasable","13":"product-type-simple"},"_links":{"self":[{"href":"https:\/\/www.avmbianco.com.br\/site\/wp-json\/wp\/v2\/product\/15597","targetHints":{"allow":["GET"]}}],"collection":[{"href":"https:\/\/www.avmbianco.com.br\/site\/wp-json\/wp\/v2\/product"}],"about":[{"href":"https:\/\/www.avmbianco.com.br\/site\/wp-json\/wp\/v2\/types\/product"}],"replies":[{"embeddable":true,"href":"https:\/\/www.avmbianco.com.br\/site\/wp-json\/wp\/v2\/comments?post=15597"}],"wp:featuredmedia":[{"embeddable":true,"href":"https:\/\/www.avmbianco.com.br\/site\/wp-json\/wp\/v2\/media\/15598"}],"wp:attachment":[{"href":"https:\/\/www.avmbianco.com.br\/site\/wp-json\/wp\/v2\/media?parent=15597"}],"wp:term":[{"taxonomy":"product_brand","embeddable":true,"href":"https:\/\/www.avmbianco.com.br\/site\/wp-json\/wp\/v2\/product_brand?post=15597"},{"taxonomy":"product_cat","embeddable":true,"href":"https:\/\/www.avmbianco.com.br\/site\/wp-json\/wp\/v2\/product_cat?post=15597"},{"taxonomy":"product_tag","embeddable":true,"href":"https:\/\/www.avmbianco.com.br\/site\/wp-json\/wp\/v2\/product_tag?post=15597"}],"curies":[{"name":"wp","href":"https:\/\/api.w.org\/{rel}","templated":true}]}}