{"id":15754,"date":"2024-04-10T12:24:29","date_gmt":"2024-04-10T15:24:29","guid":{"rendered":"https:\/\/www.avmbianco.com.br\/site\/?post_type=product&#038;p=15754"},"modified":"2025-06-30T10:39:43","modified_gmt":"2025-06-30T13:39:43","slug":"linha-anne-65mt","status":"publish","type":"product","link":"https:\/\/www.avmbianco.com.br\/site\/produto\/linha-anne-65mt\/","title":{"rendered":"Linha Anne 65mt"},"content":{"rendered":"","protected":false},"excerpt":{"rendered":"<p>Linha Anne 65 TEX 295<br \/>\nCont\u00e9m: 1 unidade com 65 metros Fio Ne 4\/2<br \/>\nComposi\u00e7\u00e3o: 100% Algod\u00e3o Mercerizado<br \/>\n<b>Agulha Recomendada:<\/b> Agulha para croch\u00ea: 1,75mm\/Agulha para tric\u00f4:3,0mm e 3,5mm<\/p>\n<p>O famoso &#8220;Anninha&#8221; \u00e9 ideal para trabalhos menores e detalhes feitos em croch\u00ea.<\/p>\n","protected":false},"featured_media":15755,"comment_status":"open","ping_status":"closed","template":"","meta":[],"product_brand":[],"product_cat":[53],"product_tag":[],"class_list":{"0":"post-15754","1":"product","2":"type-product","3":"status-publish","4":"has-post-thumbnail","6":"product_cat-linhas","8":"first","9":"instock","10":"taxable","11":"shipping-taxable","12":"purchasable","13":"product-type-variable"},"_links":{"self":[{"href":"https:\/\/www.avmbianco.com.br\/site\/wp-json\/wp\/v2\/product\/15754","targetHints":{"allow":["GET"]}}],"collection":[{"href":"https:\/\/www.avmbianco.com.br\/site\/wp-json\/wp\/v2\/product"}],"about":[{"href":"https:\/\/www.avmbianco.com.br\/site\/wp-json\/wp\/v2\/types\/product"}],"replies":[{"embeddable":true,"href":"https:\/\/www.avmbianco.com.br\/site\/wp-json\/wp\/v2\/comments?post=15754"}],"wp:featuredmedia":[{"embeddable":true,"href":"https:\/\/www.avmbianco.com.br\/site\/wp-json\/wp\/v2\/media\/15755"}],"wp:attachment":[{"href":"https:\/\/www.avmbianco.com.br\/site\/wp-json\/wp\/v2\/media?parent=15754"}],"wp:term":[{"taxonomy":"product_brand","embeddable":true,"href":"https:\/\/www.avmbianco.com.br\/site\/wp-json\/wp\/v2\/product_brand?post=15754"},{"taxonomy":"product_cat","embeddable":true,"href":"https:\/\/www.avmbianco.com.br\/site\/wp-json\/wp\/v2\/product_cat?post=15754"},{"taxonomy":"product_tag","embeddable":true,"href":"https:\/\/www.avmbianco.com.br\/site\/wp-json\/wp\/v2\/product_tag?post=15754"}],"curies":[{"name":"wp","href":"https:\/\/api.w.org\/{rel}","templated":true}]}}