{"id":15899,"date":"2024-06-12T15:55:34","date_gmt":"2024-06-12T18:55:34","guid":{"rendered":"https:\/\/www.avmbianco.com.br\/site\/?post_type=product&#038;p=15899"},"modified":"2025-06-27T16:01:10","modified_gmt":"2025-06-27T19:01:10","slug":"pistola-de-cola-quente-mundial","status":"publish","type":"product","link":"https:\/\/www.avmbianco.com.br\/site\/produto\/pistola-de-cola-quente-mundial\/","title":{"rendered":"Pistola de Cola Quente Mundial"},"content":{"rendered":"<p><em>Chega de pinga pinga!<\/em><\/p>\n<p>&nbsp;<\/p>\n<p>Voc\u00ea j\u00e1 conhece a\u00a0<strong>pistola de cola quente Mundial?<\/strong><\/p>\n<p>&nbsp;<\/p>\n<p>Ideal para projetos em\u00a0<strong>madeira, papel, pl\u00e1stico, tecido e demais materiais<\/strong>, a pistola de cola quente traz um\u00a0<strong>sistema antipingos e aquecimento r\u00e1pido<\/strong>, sem a necessidade de esperar tanto tempo para come\u00e7ar seus projetos! Tamb\u00e9m possui\u00a0<strong>gatilho para 3 dedos<\/strong>,\u00a0<strong>suporte met\u00e1lico, prote\u00e7\u00e3o pl\u00e1stica<\/strong>\u00a0para alta temperatura na regi\u00e3o frontal do modelo e\u00a0<strong>cabo longo<\/strong>\u00a0(1,5m).<\/p>\n<p>Com\u00a0<strong>tecnologia moderna e design f\u00e1cil para uso<\/strong>, a linha de pistolas de cola quente Mundial traz mais qualidade para seus projetos! S\u00e3o dois modelos desenhados especialmente para que tenha um\u00a0<strong>alto desempenho\u00a0<\/strong>e s<strong>em desperd\u00edcio de material.<\/strong>\u00a0Venha conhecer a linha completa!<\/p>\n<p>&nbsp;<\/p>\n","protected":false},"excerpt":{"rendered":"<h3 class=\"short-description\">A pistola de cola quente Mundial 950\u00a0\u00e9 uma ferramenta bastante popular para trabalhos de artesanato, reparos dom\u00e9sticos e outros projetos que requerem colagem precisa e segura<\/h3>\n<h3><strong>Bast\u00e3o Fino 7mm<\/strong><\/h3>\n<h3><strong>Bast\u00e3o Grosso 11mm<\/strong><\/h3>\n","protected":false},"featured_media":15900,"comment_status":"open","ping_status":"closed","template":"","meta":[],"product_brand":[],"product_cat":[23],"product_tag":[],"class_list":{"0":"post-15899","1":"product","2":"type-product","3":"status-publish","4":"has-post-thumbnail","6":"product_cat-acessorios","8":"first","9":"instock","10":"taxable","11":"shipping-taxable","12":"purchasable","13":"product-type-variable"},"_links":{"self":[{"href":"https:\/\/www.avmbianco.com.br\/site\/wp-json\/wp\/v2\/product\/15899","targetHints":{"allow":["GET"]}}],"collection":[{"href":"https:\/\/www.avmbianco.com.br\/site\/wp-json\/wp\/v2\/product"}],"about":[{"href":"https:\/\/www.avmbianco.com.br\/site\/wp-json\/wp\/v2\/types\/product"}],"replies":[{"embeddable":true,"href":"https:\/\/www.avmbianco.com.br\/site\/wp-json\/wp\/v2\/comments?post=15899"}],"wp:featuredmedia":[{"embeddable":true,"href":"https:\/\/www.avmbianco.com.br\/site\/wp-json\/wp\/v2\/media\/15900"}],"wp:attachment":[{"href":"https:\/\/www.avmbianco.com.br\/site\/wp-json\/wp\/v2\/media?parent=15899"}],"wp:term":[{"taxonomy":"product_brand","embeddable":true,"href":"https:\/\/www.avmbianco.com.br\/site\/wp-json\/wp\/v2\/product_brand?post=15899"},{"taxonomy":"product_cat","embeddable":true,"href":"https:\/\/www.avmbianco.com.br\/site\/wp-json\/wp\/v2\/product_cat?post=15899"},{"taxonomy":"product_tag","embeddable":true,"href":"https:\/\/www.avmbianco.com.br\/site\/wp-json\/wp\/v2\/product_tag?post=15899"}],"curies":[{"name":"wp","href":"https:\/\/api.w.org\/{rel}","templated":true}]}}