{"id":16037,"date":"2025-02-06T12:15:21","date_gmt":"2025-02-06T15:15:21","guid":{"rendered":"https:\/\/www.avmbianco.com.br\/site\/?post_type=product&#038;p=16037"},"modified":"2025-07-02T10:34:32","modified_gmt":"2025-07-02T13:34:32","slug":"kit-de-tesoura-circulo","status":"publish","type":"product","link":"https:\/\/www.avmbianco.com.br\/site\/produto\/kit-de-tesoura-circulo\/","title":{"rendered":"Kit De Tesoura Circulo"},"content":{"rendered":"","protected":false},"excerpt":{"rendered":"<p>Cada tesoura \u00e9 projetada com\u00a0<b>cabo emborrachado ergon\u00f4mico<\/b>, permitindo manuseio confort\u00e1vel e redu\u00e7\u00e3o de fadiga nas m\u00e3os, essencial para per\u00edodos extensos de cria\u00e7\u00e3o. As l\u00e2minas em\u00a0<b>a\u00e7o inoxid\u00e1vel<\/b>\u00a0garantem cortes limpos e consistentes, atravessando uma variedade de materiais com facilidade, o que as torna confi\u00e1veis para todas as suas necessidades de corte.<\/p>\n<p><b>Tamanhos:5,25<\/b> 13,3cm\/8,25-21,0cm\/5,00-12,8cm<br \/>\n<b>Cont\u00e9m:<\/b>\u00a03 pe\u00e7as<br \/>\n<b>Composi\u00e7\u00e3o:<\/b>\u00a0A\u00e7o Inoxid\u00e1vel, Cabo de Pl\u00e1stico e Borracha.<\/p>\n","protected":false},"featured_media":16040,"comment_status":"open","ping_status":"closed","template":"","meta":[],"product_brand":[],"product_cat":[123],"product_tag":[],"class_list":{"0":"post-16037","1":"product","2":"type-product","3":"status-publish","4":"has-post-thumbnail","6":"product_cat-tesouras","8":"first","9":"instock","10":"taxable","11":"shipping-taxable","12":"purchasable","13":"product-type-variable"},"_links":{"self":[{"href":"https:\/\/www.avmbianco.com.br\/site\/wp-json\/wp\/v2\/product\/16037","targetHints":{"allow":["GET"]}}],"collection":[{"href":"https:\/\/www.avmbianco.com.br\/site\/wp-json\/wp\/v2\/product"}],"about":[{"href":"https:\/\/www.avmbianco.com.br\/site\/wp-json\/wp\/v2\/types\/product"}],"replies":[{"embeddable":true,"href":"https:\/\/www.avmbianco.com.br\/site\/wp-json\/wp\/v2\/comments?post=16037"}],"wp:featuredmedia":[{"embeddable":true,"href":"https:\/\/www.avmbianco.com.br\/site\/wp-json\/wp\/v2\/media\/16040"}],"wp:attachment":[{"href":"https:\/\/www.avmbianco.com.br\/site\/wp-json\/wp\/v2\/media?parent=16037"}],"wp:term":[{"taxonomy":"product_brand","embeddable":true,"href":"https:\/\/www.avmbianco.com.br\/site\/wp-json\/wp\/v2\/product_brand?post=16037"},{"taxonomy":"product_cat","embeddable":true,"href":"https:\/\/www.avmbianco.com.br\/site\/wp-json\/wp\/v2\/product_cat?post=16037"},{"taxonomy":"product_tag","embeddable":true,"href":"https:\/\/www.avmbianco.com.br\/site\/wp-json\/wp\/v2\/product_tag?post=16037"}],"curies":[{"name":"wp","href":"https:\/\/api.w.org\/{rel}","templated":true}]}}