{"id":16089,"date":"2025-02-06T14:32:01","date_gmt":"2025-02-06T17:32:01","guid":{"rendered":"https:\/\/www.avmbianco.com.br\/site\/?post_type=product&#038;p=16089"},"modified":"2025-08-19T10:32:23","modified_gmt":"2025-08-19T13:32:23","slug":"tesoura-alfaiate-circulo","status":"publish","type":"product","link":"https:\/\/www.avmbianco.com.br\/site\/produto\/tesoura-alfaiate-circulo\/","title":{"rendered":"Tesoura Alfaiate Circulo"},"content":{"rendered":"<p>A Tesoura de Alfaiate com L\u00e2mina de 9,5 cm C\u00edrculo, \u00e9 uma tesoura feita em a\u00e7o inoxid\u00e1vel, com um acabamento brilhante em 3 cores diferentes. Sua l\u00e2mina \u00e9 revestida para evitar que a l\u00e2mina enferruje, aumentando assim a durabilidade e o tempo de vida dos fios. Esse modelo de tesoura proporciona um corte reto e de alta precis\u00e3o, ideal para trabalhar com os mais diversos tipos de materiais, al\u00e9m de ser uma tesoura muito leve que facilmente pode ser usada em casa, por\u00e9m sua utiliza\u00e7\u00e3o ideal \u00e9 para profissionais<\/p>\n","protected":false},"excerpt":{"rendered":"<p>Ideal para utiliza\u00e7\u00e3o por profissionais, por\u00e9m n\u00e3o fica restrita apenas ao uso profissional pois pode ser tamb\u00e9m utilizada para trabalhos dom\u00e9sticos para realizar o corte de tecidos, pap\u00e9is, couro, linhas, fios, cordas, e muitos outros<\/p>\n<p>Tesoura de Alfaiate com L\u00e2mina de 9,5\/23,8cm<\/p>\n<p>A\u00e7o Inoxid\u00e1vel<\/p>\n","protected":false},"featured_media":16097,"comment_status":"open","ping_status":"closed","template":"","meta":[],"product_brand":[],"product_cat":[123],"product_tag":[],"class_list":{"0":"post-16089","1":"product","2":"type-product","3":"status-publish","4":"has-post-thumbnail","6":"product_cat-tesouras","8":"first","9":"instock","10":"taxable","11":"shipping-taxable","12":"purchasable","13":"product-type-variable"},"_links":{"self":[{"href":"https:\/\/www.avmbianco.com.br\/site\/wp-json\/wp\/v2\/product\/16089","targetHints":{"allow":["GET"]}}],"collection":[{"href":"https:\/\/www.avmbianco.com.br\/site\/wp-json\/wp\/v2\/product"}],"about":[{"href":"https:\/\/www.avmbianco.com.br\/site\/wp-json\/wp\/v2\/types\/product"}],"replies":[{"embeddable":true,"href":"https:\/\/www.avmbianco.com.br\/site\/wp-json\/wp\/v2\/comments?post=16089"}],"wp:featuredmedia":[{"embeddable":true,"href":"https:\/\/www.avmbianco.com.br\/site\/wp-json\/wp\/v2\/media\/16097"}],"wp:attachment":[{"href":"https:\/\/www.avmbianco.com.br\/site\/wp-json\/wp\/v2\/media?parent=16089"}],"wp:term":[{"taxonomy":"product_brand","embeddable":true,"href":"https:\/\/www.avmbianco.com.br\/site\/wp-json\/wp\/v2\/product_brand?post=16089"},{"taxonomy":"product_cat","embeddable":true,"href":"https:\/\/www.avmbianco.com.br\/site\/wp-json\/wp\/v2\/product_cat?post=16089"},{"taxonomy":"product_tag","embeddable":true,"href":"https:\/\/www.avmbianco.com.br\/site\/wp-json\/wp\/v2\/product_tag?post=16089"}],"curies":[{"name":"wp","href":"https:\/\/api.w.org\/{rel}","templated":true}]}}