{"id":16103,"date":"2025-02-07T09:57:38","date_gmt":"2025-02-07T12:57:38","guid":{"rendered":"https:\/\/www.avmbianco.com.br\/site\/?post_type=product&#038;p=16103"},"modified":"2025-07-02T10:17:06","modified_gmt":"2025-07-02T13:17:06","slug":"suporte-celular-magnetico-p-maquina-de-costura","status":"publish","type":"product","link":"https:\/\/www.avmbianco.com.br\/site\/produto\/suporte-celular-magnetico-p-maquina-de-costura\/","title":{"rendered":"Suporte Celular Magn\u00e9tico P\/ Maquina de Costura"},"content":{"rendered":"<p>O Suporte Celular Magn\u00e9tico Artmak para M\u00e1quina de Costura \u00e9 a solu\u00e7\u00e3o ideal para quem busca praticidade e efici\u00eancia durante o processo de costura. Com um design inovador, este suporte permite que voc\u00ea mantenha seu celular sempre \u00e0 m\u00e3o, facilitando o acesso a tutoriais, v\u00eddeos e mensagens enquanto trabalha em seus projetos.<\/p>\n<p>Compat\u00edvel com diversas m\u00e1quinas de costura, incluindo modelos de marcas renomadas como Alpha, Gemsy, Jack, Singer e muitas outras, o suporte se adapta perfeitamente ao seu equipamento. Sua instala\u00e7\u00e3o \u00e9 simples e r\u00e1pida, garantindo que voc\u00ea possa come\u00e7ar a usar imediatamente, sem complica\u00e7\u00f5es.<\/p>\n<p>Feito com materiais de alta qualidade, o Suporte Celular Magn\u00e9tico Artmak oferece seguran\u00e7a e estabilidade, evitando quedas acidentais do dispositivo. Al\u00e9m disso, seu design discreto e funcional se integra harmoniosamente ao ambiente de trabalho, proporcionando um toque de modernidade ao seu espa\u00e7o de costura.<\/p>\n","protected":false},"excerpt":{"rendered":"<p>Suporte Celular Magn\u00e9tico Artmak para M\u00e1quina de Costura \u00e9 a solu\u00e7\u00e3o ideal para quem busca praticidade e efici\u00eancia durante o processo de costura. Com um design inovador, este suporte permite que voc\u00ea mantenha seu celular sempre \u00e0 m\u00e3o, facilitando o acesso a tutoriais, v\u00eddeos e mensagens enquanto trabalha em seus projetos.<\/p>\n","protected":false},"featured_media":16107,"comment_status":"open","ping_status":"closed","template":"","meta":[],"product_brand":[],"product_cat":[23],"product_tag":[],"class_list":{"0":"post-16103","1":"product","2":"type-product","3":"status-publish","4":"has-post-thumbnail","6":"product_cat-acessorios","8":"first","9":"instock","10":"taxable","11":"shipping-taxable","12":"purchasable","13":"product-type-simple"},"_links":{"self":[{"href":"https:\/\/www.avmbianco.com.br\/site\/wp-json\/wp\/v2\/product\/16103","targetHints":{"allow":["GET"]}}],"collection":[{"href":"https:\/\/www.avmbianco.com.br\/site\/wp-json\/wp\/v2\/product"}],"about":[{"href":"https:\/\/www.avmbianco.com.br\/site\/wp-json\/wp\/v2\/types\/product"}],"replies":[{"embeddable":true,"href":"https:\/\/www.avmbianco.com.br\/site\/wp-json\/wp\/v2\/comments?post=16103"}],"wp:featuredmedia":[{"embeddable":true,"href":"https:\/\/www.avmbianco.com.br\/site\/wp-json\/wp\/v2\/media\/16107"}],"wp:attachment":[{"href":"https:\/\/www.avmbianco.com.br\/site\/wp-json\/wp\/v2\/media?parent=16103"}],"wp:term":[{"taxonomy":"product_brand","embeddable":true,"href":"https:\/\/www.avmbianco.com.br\/site\/wp-json\/wp\/v2\/product_brand?post=16103"},{"taxonomy":"product_cat","embeddable":true,"href":"https:\/\/www.avmbianco.com.br\/site\/wp-json\/wp\/v2\/product_cat?post=16103"},{"taxonomy":"product_tag","embeddable":true,"href":"https:\/\/www.avmbianco.com.br\/site\/wp-json\/wp\/v2\/product_tag?post=16103"}],"curies":[{"name":"wp","href":"https:\/\/api.w.org\/{rel}","templated":true}]}}