{"id":16114,"date":"2025-02-07T10:49:25","date_gmt":"2025-02-07T13:49:25","guid":{"rendered":"https:\/\/www.avmbianco.com.br\/site\/?post_type=product&#038;p=16114"},"modified":"2025-07-01T16:40:08","modified_gmt":"2025-07-01T19:40:08","slug":"fita-gomada","status":"publish","type":"product","link":"https:\/\/www.avmbianco.com.br\/site\/produto\/fita-gomada\/","title":{"rendered":"Fita Gomada"},"content":{"rendered":"<p>Para que seja ativada a cola, \u00e9 necess\u00e1rio que a fita seja umedecida. Sua aplica\u00e7\u00e3o \u00e9 feita com aux\u00edlio de aparelhos manuais ou semiautom\u00e1ticos.<br \/>\nNo caso manual uma esponja umedecida com \u00e1gua poder\u00e1 ser utilizada para ativer a cola da fita gomada.<br \/>\nFeche suas caixas com nossas Fitas, tenha maior agilidade e seguran\u00e7a.<\/p>\n","protected":false},"excerpt":{"rendered":"<p>TIPO MATERIAL: Fita Gomada C\/ e S\/ Refor\u00e7o<br \/>\nMEDIDA: 70mm as duas<br \/>\nPESO ROLO: Aprox. 1kg<br \/>\nMETRAGEM: Aprox. 120mts.<br \/>\nCor: Parda<br \/>\nAplica\u00e7\u00f5es: Artesanato, Fechamento de caixa&#8230; etc.<\/p>\n","protected":false},"featured_media":16118,"comment_status":"open","ping_status":"closed","template":"","meta":[],"product_brand":[],"product_cat":[1964],"product_tag":[],"class_list":{"0":"post-16114","1":"product","2":"type-product","3":"status-publish","4":"has-post-thumbnail","6":"product_cat-gomada","8":"first","9":"instock","10":"taxable","11":"shipping-taxable","12":"purchasable","13":"product-type-variable"},"_links":{"self":[{"href":"https:\/\/www.avmbianco.com.br\/site\/wp-json\/wp\/v2\/product\/16114","targetHints":{"allow":["GET"]}}],"collection":[{"href":"https:\/\/www.avmbianco.com.br\/site\/wp-json\/wp\/v2\/product"}],"about":[{"href":"https:\/\/www.avmbianco.com.br\/site\/wp-json\/wp\/v2\/types\/product"}],"replies":[{"embeddable":true,"href":"https:\/\/www.avmbianco.com.br\/site\/wp-json\/wp\/v2\/comments?post=16114"}],"wp:featuredmedia":[{"embeddable":true,"href":"https:\/\/www.avmbianco.com.br\/site\/wp-json\/wp\/v2\/media\/16118"}],"wp:attachment":[{"href":"https:\/\/www.avmbianco.com.br\/site\/wp-json\/wp\/v2\/media?parent=16114"}],"wp:term":[{"taxonomy":"product_brand","embeddable":true,"href":"https:\/\/www.avmbianco.com.br\/site\/wp-json\/wp\/v2\/product_brand?post=16114"},{"taxonomy":"product_cat","embeddable":true,"href":"https:\/\/www.avmbianco.com.br\/site\/wp-json\/wp\/v2\/product_cat?post=16114"},{"taxonomy":"product_tag","embeddable":true,"href":"https:\/\/www.avmbianco.com.br\/site\/wp-json\/wp\/v2\/product_tag?post=16114"}],"curies":[{"name":"wp","href":"https:\/\/api.w.org\/{rel}","templated":true}]}}